{"id":307,"date":"2020-01-13T11:17:52","date_gmt":"2020-01-13T11:17:52","guid":{"rendered":"https:\/\/demosites.io\/web-agency-gb\/?page_id=5"},"modified":"2026-02-13T17:44:16","modified_gmt":"2026-02-13T23:44:16","slug":"padiuxh-saludo-zapoteco","status":"publish","type":"page","link":"https:\/\/zapotecoxidza.com\/en\/","title":{"rendered":"Zapoteco de Oaxaca. Padiuxhi! Un saludo para todos ustedes."},"content":{"rendered":"<div class=\"wp-block-cover alignfull is-light wp-elements-cf254f6db0cb2a577deabe1c48be9360\" style=\"min-height:700px;aspect-ratio:unset;\"><span aria-hidden=\"true\" class=\"wp-block-cover__background has-background-dim-0 has-background-dim\"><\/span><img data-recalc-dims=\"1\" loading=\"lazy\" decoding=\"async\" width=\"1200\" height=\"900\" data-attachment-id=\"577\" data-permalink=\"https:\/\/zapotecoxidza.com\/en\/padiuxh-saludo-zapoteco\/img_0878\/\" data-orig-file=\"https:\/\/i0.wp.com\/zapotecoxidza.com\/wp-content\/uploads\/2021\/06\/IMG_0878-scaled.jpeg?fit=2560%2C1920&amp;ssl=1\" data-orig-size=\"2560,1920\" data-comments-opened=\"1\" data-image-meta=\"{&quot;aperture&quot;:&quot;3.5&quot;,&quot;credit&quot;:&quot;&quot;,&quot;camera&quot;:&quot;Canon PowerShot SX100 IS&quot;,&quot;caption&quot;:&quot;&quot;,&quot;created_timestamp&quot;:&quot;1326869372&quot;,&quot;copyright&quot;:&quot;&quot;,&quot;focal_length&quot;:&quot;18.1&quot;,&quot;iso&quot;:&quot;200&quot;,&quot;shutter_speed&quot;:&quot;0.01&quot;,&quot;title&quot;:&quot;&quot;,&quot;orientation&quot;:&quot;1&quot;}\" data-image-title=\"Zapoteco\" data-image-description=\"&lt;p&gt;Zapoteco&lt;\/p&gt;\" data-image-caption=\"&lt;p&gt;Zapoteco&lt;\/p&gt;\" data-large-file=\"https:\/\/i0.wp.com\/zapotecoxidza.com\/wp-content\/uploads\/2021\/06\/IMG_0878-scaled.jpeg?fit=1024%2C768&amp;ssl=1\" class=\"wp-block-cover__image-background wp-image-577\" alt=\"\" src=\"https:\/\/i0.wp.com\/zapotecoxidza.com\/wp-content\/uploads\/2021\/06\/IMG_0878-scaled.jpeg?resize=1200%2C900&#038;ssl=1\" style=\"object-position:50% 41%\" data-object-fit=\"cover\" data-object-position=\"50% 41%\" srcset=\"https:\/\/i0.wp.com\/zapotecoxidza.com\/wp-content\/uploads\/2021\/06\/IMG_0878-scaled.jpeg?w=2560&amp;ssl=1 2560w, https:\/\/i0.wp.com\/zapotecoxidza.com\/wp-content\/uploads\/2021\/06\/IMG_0878-scaled.jpeg?resize=300%2C225&amp;ssl=1 300w, https:\/\/i0.wp.com\/zapotecoxidza.com\/wp-content\/uploads\/2021\/06\/IMG_0878-scaled.jpeg?resize=1024%2C768&amp;ssl=1 1024w, https:\/\/i0.wp.com\/zapotecoxidza.com\/wp-content\/uploads\/2021\/06\/IMG_0878-scaled.jpeg?resize=768%2C576&amp;ssl=1 768w, https:\/\/i0.wp.com\/zapotecoxidza.com\/wp-content\/uploads\/2021\/06\/IMG_0878-scaled.jpeg?resize=1536%2C1152&amp;ssl=1 1536w, https:\/\/i0.wp.com\/zapotecoxidza.com\/wp-content\/uploads\/2021\/06\/IMG_0878-scaled.jpeg?resize=2048%2C1536&amp;ssl=1 2048w, https:\/\/i0.wp.com\/zapotecoxidza.com\/wp-content\/uploads\/2021\/06\/IMG_0878-scaled.jpeg?w=2400&amp;ssl=1 2400w\" sizes=\"auto, (max-width: 1200px) 100vw, 1200px\" \/><div class=\"wp-block-cover__inner-container is-layout-flow wp-block-cover-is-layout-flow\">\n<h1 class=\"wp-block-heading has-text-align-center has-nv-site-bg-color has-text-color has-link-color wp-elements-186eedf2b4f8115180bc6fa23fa56da4\">Bienvenidos a nuestro territorio digital<\/h1>\n\n\n\n<div class=\"wp-block-buttons is-horizontal is-content-justification-center is-layout-flex wp-container-core-buttons-is-layout-499968f5 wp-block-buttons-is-layout-flex\">\n<div class=\"wp-block-button is-style-primary\"><a class=\"wp-block-button__link has-background wp-element-button\" href=\"https:\/\/youtube.com\/luzban?sub_confirmation=1\" style=\"background-color:#f00808\" target=\"_blank\" rel=\"noreferrer noopener\">youtube<\/a><\/div>\n\n\n\n<div class=\"wp-block-button is-style-secondary\"><a class=\"wp-block-button__link wp-element-button\" href=\"https:\/\/twitter.com\/zapotecoxidza\" target=\"_blank\" rel=\"noreferrer noopener\">twitter<\/a><\/div>\n<\/div>\n\n\n\n<p class=\"has-text-align-center has-neve-text-color-color has-text-color has-link-color has-medium-font-size wp-elements-aa39034c810f35e3bc910258d49929ea\"><\/p>\n<\/div><\/div>\n\n\n\n<hr class=\"wp-block-separator has-alpha-channel-opacity\"\/>\n\n\n\n<figure class=\"wp-block-audio\"><audio controls src=\"https:\/\/zapotecoxidza.com\/wp-content\/uploads\/2021\/06\/Liba\u0301n.mp3\"><\/audio><figcaption class=\"wp-element-caption\">Discurso en Zapoteco<\/figcaption><\/figure>\n\n\n\n<p class=\"has-text-align-center has-neve-link-color-color has-text-color has-medium-font-size\"><strong>Bienvenidos en Zapoteco<\/strong> se dice <em>gulite, gulita kieru. <\/em><\/p>\n\n\n\n<p class=\"has-text-align-center has-neve-link-color-color has-text-color has-link-color has-medium-font-size wp-elements-b9359ce34edb1141efc82253f3e3b0f1\">Gulite, literalmente quiere decir entren, gulita es vengan. Kieru es nuestro.<\/p>\n\n\n\n<p class=\"has-text-align-center has-neve-link-color-color has-text-color has-link-color has-medium-font-size wp-elements-31f4e79f66c7654335ce190b7d6e4f23\">Gulite, gulita kieru en se puede traducir literalmente como \u00abentren, vengan nuestro\u00bb.<\/p>\n\n\n\n<p class=\"has-text-align-center has-neve-link-color-color has-text-color has-link-color has-medium-font-size wp-elements-ee4f7d08ae3edf37c9c4133abbfd8d8b\">Es decir; \u00abentren, vengan a nuestra casa\u00bb. <\/p>\n\n\n\n<p class=\"has-text-align-center has-neve-link-color-color has-text-color has-link-color has-medium-font-size wp-elements-291d0af95e1c22e1dbd76cfa5730a4f6\">Tambi\u00e9n se puede decir solamente gulite kieru o simplemente gulita kieru.<\/p>\n\n\n\n<p class=\"has-text-align-center has-neve-link-color-color has-text-color has-link-color has-medium-font-size wp-elements-876a42a8011810c6bf9c98b3ef5cbff8\">Incluso se puede decir solamente uno de los verbos: gulite o gulita. <\/p>\n\n\n\n<p class=\"has-text-align-center has-neve-link-color-color has-text-color has-link-color has-medium-font-size wp-elements-ae97ed7de928b2575882efd5293e9111\">Esas son las formas de decir <strong>bienvenidos en Zapoteco.<\/strong><\/p>\n\n\n\n<p class=\"has-text-align-center has-neve-link-color-color has-text-color has-link-color has-medium-font-size wp-elements-946da9abbe65e4827a8b6b2684c5a8cc\">As\u00ed que sean muy bienvenidos en <a href=\"https:\/\/zapotecoxidza.com\/en\/yo-aprendo-zapoteco\/\" target=\"_blank\" rel=\"noopener\" title=\"Yo aprendo Zapoteco. Neda ruseda Didza Xidza.\">Zapoteco<\/a> a nuestro territorio digital.<\/p>\n\n\n\n<hr class=\"wp-block-separator has-alpha-channel-opacity\"\/>\n\n\n\n<h2 class=\"wp-block-heading\">Clases de Zapoteco<\/h2>\n\n\n\n<p class=\"has-text-align-left has-text-color has-neve-link-color-color has-medium-font-size\">Estamos haciendo un esfuerzo por acercarnos a las personas interesadas en la cultura Zapoteca.<\/p>\n\n\n\n<p class=\"has-text-align-left has-text-color has-neve-link-color-color has-medium-font-size wp-elements-cef324429e4883ef17aaaacb299f7e6d\">Pero sobre todo a <a href=\"https:\/\/zapotecoxidza.com\/en\/aprender-zapoteco\/\" target=\"_blank\" rel=\"noopener\" title=\"\">aprender a hablar Zapoteco.<\/a><\/p>\n\n\n\n<p class=\"has-text-align-left has-neve-link-color-color has-text-color has-medium-font-size\">B\u00ebni Xidza es un colectivo enfocado en la preservaci\u00f3n, fortalecimiento y revitalizaci\u00f3n del Zapoteco. <\/p>\n\n\n\n<p class=\"has-text-align-left has-neve-link-color-color has-text-color has-link-color has-medium-font-size wp-elements-dc0f4bbf7a94590d8c1ac6bd8d70dc6c\">Nuestro enfoque principal es la <a href=\"https:\/\/youtu.be\/PGhpggJaeB0\" target=\"_blank\" rel=\"noopener\" title=\"\">ense\u00f1anza del Zapoteco como segunda lengua.<\/a> <\/p>\n\n\n\n<figure class=\"wp-block-embed alignright is-type-wp-embed is-provider-b-ni-xidza wp-block-embed-b-ni-xidza\"><div class=\"wp-block-embed__wrapper\">\n<blockquote class=\"wp-embedded-content\" data-secret=\"Q1DXXWQHxS\"><a href=\"https:\/\/zapotecoxidza.com\/en\/aprender-zapoteco\/\">APRENDER ZAPOTECO EN L\u00cdNEA CON CLASES VIRTUALES<\/a><\/blockquote><iframe loading=\"lazy\" class=\"wp-embedded-content\" sandbox=\"allow-scripts\" security=\"restricted\" style=\"position: absolute; visibility: hidden;\" title=\"\u00abAPRENDER ZAPOTECO EN L\u00cdNEA CON CLASES VIRTUALES\u00bb \u2014 B\u00ebni Xidza\" src=\"https:\/\/zapotecoxidza.com\/aprender-zapoteco\/embed\/#?secret=iiTmMzZG0G#?secret=Q1DXXWQHxS\" data-secret=\"Q1DXXWQHxS\" width=\"600\" height=\"338\" frameborder=\"0\" marginwidth=\"0\" marginheight=\"0\" scrolling=\"no\"><\/iframe>\n<\/div><\/figure>\n\n\n\n<p class=\"has-text-align-left has-neve-link-color-color has-text-color has-link-color has-medium-font-size wp-elements-7d34600ed4aa8515dc6f70934f937398\">Para ello estamos desarrollando metodolog\u00edas para la ese\u00f1anza &#8211; aprendizaje de la lengua Zapoteca. <\/p>\n\n\n\n<p class=\"has-text-align-left has-neve-link-color-color has-text-color has-link-color has-medium-font-size wp-elements-05212d524eca9d01172a0b3a1532090f\">Creemos que la ense\u00f1anza del Zapoteco como segunda lengua nos brinda una oportunidad para crear nuevos hablantes y regenerar nuestro idioma. <\/p>\n\n\n\n<p class=\"has-text-align-left has-neve-link-color-color has-text-color has-link-color has-medium-font-size wp-elements-4fe0ee16933f3ee7efcee6b417a42f92\">Damos clases particulares de Zapoteco. Pero tambi\u00e9n hacemos un curso b\u00e1sico dos veces al a\u00f1o. <\/p>\n\n\n\n<p class=\"has-text-align-left has-neve-link-color-color has-text-color has-link-color has-medium-font-size wp-elements-55a28627cc62799eec9d704e770ff42e\">En este curso los participantes adquieren nociones b\u00e1sicas del idioma. <\/p>\n\n\n\n<p class=\"has-neve-link-color-color has-text-color has-link-color wp-elements-29b9c8f01fbe4bcd0ffc60c9498c7141\"><\/p>\n\n\n\n<hr class=\"wp-block-separator has-alpha-channel-opacity\"\/>\n\n\n\n<h2 class=\"wp-block-heading\">Curso B\u00e1sico de Lengua Zapoteca<\/h2>\n\n\n\n<p class=\"has-text-align-left has-neve-link-color-color has-text-color has-link-color has-medium-font-size wp-elements-01b882571d087ef4651135f48e849fb9\">Y si lo desean, pueden seguir form\u00e1ndose en lo dem\u00e1s niveles que ofrecemos. <\/p>\n\n\n\n<p class=\"has-medium-font-size\">Sin embargo, los niveles posteriores son exclusivos para los egresados del Curso B\u00e1sico de Zapoteco.<\/p>\n\n\n\n<p class=\"has-medium-font-size\">Actualmente estamos construyendo un curso de <a href=\"https:\/\/zapotecoxidza.com\/en\/curso\/curso-de-zapoteco\/\" target=\"_blank\" rel=\"noopener\" title=\"\">Zapoteco para principiantes<\/a>; completamente virtual. <\/p>\n\n\n\n<p class=\"has-medium-font-size\">Estar\u00e1 disponible pr\u00f3ximamente para que puedas tomar clases de Zapoteco a tu ritmo.<\/p>\n\n\n\n<p class=\"has-medium-font-size wp-elements-d1b4a026ec660d08f0590fffa6d8565c\" id=\"block-1e58181e-e90d-4589-8adc-47677e79999c\">Adem\u00e1s, estamos creando contenido en <a href=\"https:\/\/www.facebook.com\/Zapotecoxidza\/\" target=\"_blank\" rel=\"noreferrer noopener\">redes sociales<\/a> para difundir el Zapoteco.<\/p>\n\n\n\n<p class=\"has-medium-font-size\" id=\"block-4b745641-5cd9-4a04-a941-475bc38e5038\">En nuestro canal de YouTube podr\u00e1s encontrar recursos para aprender a hablar Zapoteco e informaci\u00f3n general sobre la lengua y la cultura Zapotecas.<\/p>\n\n\n\n<figure class=\"wp-block-embed is-type-video is-provider-youtube wp-block-embed-youtube wp-embed-aspect-4-3 wp-has-aspect-ratio\"><div class=\"wp-block-embed__wrapper\">\n<div class=\"nv-iframe-embed\"><iframe loading=\"lazy\" title=\"Clases de Zapoteco en l\u00ednea para principiantes | LENGUA IND\u00cdGENA | Lenguas Originarias | OAXACA\" width=\"1200\" height=\"900\" src=\"https:\/\/www.youtube.com\/embed\/zgd-SMV4qgg?feature=oembed&#038;enablejsapi=1&#038;origin=https:\/\/zapotecoxidza.com\/en\" frameborder=\"0\" allow=\"accelerometer; autoplay; clipboard-write; encrypted-media; gyroscope; picture-in-picture; web-share\" referrerpolicy=\"strict-origin-when-cross-origin\" allowfullscreen><\/iframe><\/div>\n<\/div><figcaption class=\"wp-element-caption\">Suscr\u00edbete a mi canal de YouTube<\/figcaption><\/figure>","protected":false},"excerpt":{"rendered":"<p>Bienvenidos en Zapoteco se dice gulite, gulita kieru. Gulite, literalmente quiere decir entren, gulita es vengan. Kieru es nuestro. Gulite, gulita kieru en se puede traducir literalmente como \u00abentren, vengan nuestro\u00bb. Es decir; \u00abentren, vengan a nuestra casa\u00bb. Tambi\u00e9n se puede decir solamente gulite kieru o simplemente gulita kieru. Incluso se puede decir solamente uno&hellip;&nbsp;<a href=\"https:\/\/zapotecoxidza.com\/en\/\" rel=\"bookmark\">Read More &raquo;<span class=\"screen-reader-text\">Zapoteco de Oaxaca. Padiuxhi! Un saludo para todos ustedes.<\/span><\/a><\/p>","protected":false},"author":1,"featured_media":0,"parent":0,"menu_order":0,"comment_status":"closed","ping_status":"closed","template":"","meta":{"give_campaign_id":0,"om_disable_all_campaigns":false,"neve_meta_sidebar":"full-width","neve_meta_container":"default","neve_meta_enable_content_width":"on","neve_meta_content_width":100,"neve_meta_title_alignment":"","neve_meta_author_avatar":"","neve_post_elements_order":"","neve_meta_disable_header":"off","neve_meta_disable_footer":"on","neve_meta_disable_title":"on","_themeisle_gutenberg_block_has_review":false,"footnotes":""},"class_list":["post-307","page","type-page","status-publish","hentry"],"aioseo_notices":[],"campaignId":"","jetpack-related-posts":[{"id":61,"url":"https:\/\/zapotecoxidza.com\/en\/zapoteco-de-oaxaca\/","url_meta":{"origin":307,"position":0},"title":"Netuni","author":"B\u00ebni Xidza","date":"23\/01\/2020","format":false,"excerpt":"Zapoteco \u00bfQu\u00e9 es el colectivo B\u00ebni Xidza? Somos activistas digitales en Lenguas Ind\u00edgenas. En este espacio queremos compartir con ustedes nuestro trabajo sobre la revitalizaci\u00f3n y fortalecimiento de la lengua Zapoteca. Nuestro nombre Zapoteco B\u00ebni Xidza es el gentilicio de los Zapotecos del Rinc\u00f3n. El Rinc\u00f3n es una micro regi\u00f3n\u2026","rel":"","context":"Similar post","block_context":{"text":"Similar post","link":""},"img":{"alt_text":"Zapoteco del Rinc\u00f3n","src":"https:\/\/i0.wp.com\/zapotecoxidza.com\/wp-content\/uploads\/2021\/07\/Disen%CC%83o-sin-ti%CC%81tulo-4.png?resize=350%2C200&ssl=1","width":350,"height":200,"srcset":"https:\/\/i0.wp.com\/zapotecoxidza.com\/wp-content\/uploads\/2021\/07\/Disen%CC%83o-sin-ti%CC%81tulo-4.png?resize=350%2C200&ssl=1 1x, https:\/\/i0.wp.com\/zapotecoxidza.com\/wp-content\/uploads\/2021\/07\/Disen%CC%83o-sin-ti%CC%81tulo-4.png?resize=525%2C300&ssl=1 1.5x, https:\/\/i0.wp.com\/zapotecoxidza.com\/wp-content\/uploads\/2021\/07\/Disen%CC%83o-sin-ti%CC%81tulo-4.png?resize=700%2C400&ssl=1 2x, https:\/\/i0.wp.com\/zapotecoxidza.com\/wp-content\/uploads\/2021\/07\/Disen%CC%83o-sin-ti%CC%81tulo-4.png?resize=1050%2C600&ssl=1 3x"},"classes":[]},{"id":3368,"url":"https:\/\/zapotecoxidza.com\/en\/zapoteco-lengua\/","url_meta":{"origin":307,"position":1},"title":"Zapoteco lengua. Padiuxhi! Gude, guda kieru!","author":"B\u00ebni Xidza","date":"05\/06\/2023","format":false,"excerpt":"Zapoteco lengua. Bienvenido a nuestra tienda digital. Estamos haciendo un esfuerzo por acercarnos a las personas interesadas a conocer la cultura, pero sobre todo a aprender a hablar Zapoteco. B\u00ebni Xidza es un colectivo enfocado en la preservaci\u00f3n, fortalecimiento y revitalizaci\u00f3n del Zapoteco. Nuestro enfoque principal es la ense\u00f1anza del\u2026","rel":"","context":"Similar post","block_context":{"text":"Similar post","link":""},"img":{"alt_text":"Hola en zapoteco","src":"https:\/\/i0.wp.com\/zapotecoxidza.com\/wp-content\/uploads\/2023\/06\/Gulite-gulita-kieru.png?fit=1200%2C832&ssl=1&resize=350%2C200","width":350,"height":200,"srcset":"https:\/\/i0.wp.com\/zapotecoxidza.com\/wp-content\/uploads\/2023\/06\/Gulite-gulita-kieru.png?fit=1200%2C832&ssl=1&resize=350%2C200 1x, https:\/\/i0.wp.com\/zapotecoxidza.com\/wp-content\/uploads\/2023\/06\/Gulite-gulita-kieru.png?fit=1200%2C832&ssl=1&resize=525%2C300 1.5x, https:\/\/i0.wp.com\/zapotecoxidza.com\/wp-content\/uploads\/2023\/06\/Gulite-gulita-kieru.png?fit=1200%2C832&ssl=1&resize=700%2C400 2x, https:\/\/i0.wp.com\/zapotecoxidza.com\/wp-content\/uploads\/2023\/06\/Gulite-gulita-kieru.png?fit=1200%2C832&ssl=1&resize=1050%2C600 3x"},"classes":[]},{"id":8160,"url":"https:\/\/zapotecoxidza.com\/en\/preguntas-frecuentes-en-zapoteco\/","url_meta":{"origin":307,"position":2},"title":"Preguntas frecuentes en Zapoteco","author":"B\u00ebni Xidza","date":"29\/10\/2024","format":false,"excerpt":"\u00bfQu\u00e9 es el Zapoteco? El Zapoteco es el idioma hablado por los descendientes de la Civilizaci\u00f3n Zapoteca \u00bfEn qu\u00e9 pa\u00edses se habla el Zapoteco? \u00bfD\u00f3nde se habla el Zapoteco en M\u00e9xico? El Zapoteco se habla principalmente en M\u00e9xico, pero hay una poblaci\u00f3n Zapoteca importante en los Estados Unidos. \u00bfQu\u00e9 caracter\u00edsticas\u2026","rel":"","context":"Similar post","block_context":{"text":"Similar post","link":""},"img":{"alt_text":"","src":"","width":0,"height":0},"classes":[]},{"id":71,"url":"https:\/\/zapotecoxidza.com\/en\/revitalizar-el-zapoteco\/","url_meta":{"origin":307,"position":3},"title":"Turuntu","author":"B\u00ebni Xidza","date":"27\/01\/2020","format":false,"excerpt":"Lo que hacemos en Zapoteco Trabajamos diferentes iniciativas encaminadas a revalorar el Zapoteco en particular, y las lenguas ind\u00edgenas en general. Nos enfocamos en el Didza Xidza que se habla en el Rinc\u00f3n de la Sierra Ju\u00e1rez de Oaxaca. https:\/\/www.youtube.com\/watch?v=LoHC-yWQs2s&list=PL_MdZnaD5Rx0vBxUDbkVd6EfncS5mRLJ1&index=5 https:\/\/youtu.be\/PGhpggJaeB0 Nuestro enfoque principal es la ense\u00f1anza de la lengua\u2026","rel":"","context":"Similar post","block_context":{"text":"Similar post","link":""},"img":{"alt_text":"Memes en Zapoteco","src":"https:\/\/i0.wp.com\/zapotecoxidza.com\/wp-content\/uploads\/2021\/06\/WhatsApp-Image-2021-06-25-at-18.20.35.jpeg?resize=350%2C200&ssl=1","width":350,"height":200,"srcset":"https:\/\/i0.wp.com\/zapotecoxidza.com\/wp-content\/uploads\/2021\/06\/WhatsApp-Image-2021-06-25-at-18.20.35.jpeg?resize=350%2C200&ssl=1 1x, https:\/\/i0.wp.com\/zapotecoxidza.com\/wp-content\/uploads\/2021\/06\/WhatsApp-Image-2021-06-25-at-18.20.35.jpeg?resize=525%2C300&ssl=1 1.5x"},"classes":[]},{"id":306,"url":"https:\/\/zapotecoxidza.com\/en\/valores-en-zapoteco\/","url_meta":{"origin":307,"position":4},"title":"Valores en Zapoteco de Oaxaca y sus usos comunitarios","author":"B\u00ebni Xidza","date":"13\/01\/2020","format":false,"excerpt":"En esta p\u00e1gina te quiero compartir algunos valores en Zapoteco. Tuxh\u00ebn Guz\u00fan Dxi'atsawi Yelanabani Kul\u00e9n Wendxin Yelarajni'i Dxi'aladxi Wilajladxi Xhanladxi Yuyaz\u00e1","rel":"","context":"Similar post","block_context":{"text":"Similar post","link":""},"img":{"alt_text":"","src":"","width":0,"height":0},"classes":[]},{"id":827,"url":"https:\/\/zapotecoxidza.com\/en\/zapotec\/","url_meta":{"origin":307,"position":5},"title":"ZAPOTECO","author":"B\u00ebni Xidza","date":"14\/08\/2021","format":false,"excerpt":"","rel":"","context":"Similar post","block_context":{"text":"Similar post","link":""},"img":{"alt_text":"Zapoteco","src":"https:\/\/i0.wp.com\/zapotecoxidza.com\/wp-content\/uploads\/2021\/06\/Sin-ti%CC%81tulo-1.png?fit=1200%2C1200&ssl=1&resize=350%2C200","width":350,"height":200,"srcset":"https:\/\/i0.wp.com\/zapotecoxidza.com\/wp-content\/uploads\/2021\/06\/Sin-ti%CC%81tulo-1.png?fit=1200%2C1200&ssl=1&resize=350%2C200 1x, https:\/\/i0.wp.com\/zapotecoxidza.com\/wp-content\/uploads\/2021\/06\/Sin-ti%CC%81tulo-1.png?fit=1200%2C1200&ssl=1&resize=525%2C300 1.5x, https:\/\/i0.wp.com\/zapotecoxidza.com\/wp-content\/uploads\/2021\/06\/Sin-ti%CC%81tulo-1.png?fit=1200%2C1200&ssl=1&resize=700%2C400 2x, https:\/\/i0.wp.com\/zapotecoxidza.com\/wp-content\/uploads\/2021\/06\/Sin-ti%CC%81tulo-1.png?fit=1200%2C1200&ssl=1&resize=1050%2C600 3x"},"classes":[]}],"jetpack_shortlink":"https:\/\/wp.me\/PeROO3-4X","jetpack_sharing_enabled":true,"jetpack_likes_enabled":true,"amp_enabled":true,"_links":{"self":[{"href":"https:\/\/zapotecoxidza.com\/en\/wp-json\/wp\/v2\/pages\/307","targetHints":{"allow":["GET"]}}],"collection":[{"href":"https:\/\/zapotecoxidza.com\/en\/wp-json\/wp\/v2\/pages"}],"about":[{"href":"https:\/\/zapotecoxidza.com\/en\/wp-json\/wp\/v2\/types\/page"}],"author":[{"embeddable":true,"href":"https:\/\/zapotecoxidza.com\/en\/wp-json\/wp\/v2\/users\/1"}],"replies":[{"embeddable":true,"href":"https:\/\/zapotecoxidza.com\/en\/wp-json\/wp\/v2\/comments?post=307"}],"version-history":[{"count":63,"href":"https:\/\/zapotecoxidza.com\/en\/wp-json\/wp\/v2\/pages\/307\/revisions"}],"predecessor-version":[{"id":14938,"href":"https:\/\/zapotecoxidza.com\/en\/wp-json\/wp\/v2\/pages\/307\/revisions\/14938"}],"wp:attachment":[{"href":"https:\/\/zapotecoxidza.com\/en\/wp-json\/wp\/v2\/media?parent=307"}],"curies":[{"name":"wp","href":"https:\/\/api.w.org\/{rel}","templated":true}]}}