{"id":3242,"date":"2023-06-01T15:53:57","date_gmt":"2023-06-01T20:53:57","guid":{"rendered":"https:\/\/zapotecoxidza.com\/tienda\/"},"modified":"2023-06-01T15:53:57","modified_gmt":"2023-06-01T20:53:57","slug":"tienda","status":"publish","type":"page","link":"https:\/\/zapotecoxidza.com\/en\/tienda\/","title":{"rendered":"Tienda"},"content":{"rendered":"","protected":false},"excerpt":{"rendered":"","protected":false},"author":1,"featured_media":0,"parent":0,"menu_order":0,"comment_status":"closed","ping_status":"closed","template":"","meta":{"give_campaign_id":0,"om_disable_all_campaigns":false,"neve_meta_sidebar":"","neve_meta_container":"","neve_meta_enable_content_width":"","neve_meta_content_width":0,"neve_meta_title_alignment":"","neve_meta_author_avatar":"","neve_post_elements_order":"","neve_meta_disable_header":"","neve_meta_disable_footer":"","neve_meta_disable_title":"","_themeisle_gutenberg_block_has_review":false,"footnotes":""},"class_list":["post-3242","page","type-page","status-publish","hentry"],"aioseo_notices":[],"campaignId":"","jetpack-related-posts":[{"id":3368,"url":"https:\/\/zapotecoxidza.com\/en\/zapoteco-lengua\/","url_meta":{"origin":3242,"position":0},"title":"Zapoteco lengua. Padiuxhi! Gude, guda kieru!","author":"B\u00ebni Xidza","date":"05\/06\/2023","format":false,"excerpt":"Zapoteco lengua. Bienvenido a nuestra tienda digital. Estamos haciendo un esfuerzo por acercarnos a las personas interesadas a conocer la cultura, pero sobre todo a aprender a hablar Zapoteco. B\u00ebni Xidza es un colectivo enfocado en la preservaci\u00f3n, fortalecimiento y revitalizaci\u00f3n del Zapoteco. Nuestro enfoque principal es la ense\u00f1anza del\u2026","rel":"","context":"Similar post","block_context":{"text":"Similar post","link":""},"img":{"alt_text":"Hola en zapoteco","src":"https:\/\/i0.wp.com\/zapotecoxidza.com\/wp-content\/uploads\/2023\/06\/Gulite-gulita-kieru.png?fit=1200%2C832&ssl=1&resize=350%2C200","width":350,"height":200,"srcset":"https:\/\/i0.wp.com\/zapotecoxidza.com\/wp-content\/uploads\/2023\/06\/Gulite-gulita-kieru.png?fit=1200%2C832&ssl=1&resize=350%2C200 1x, https:\/\/i0.wp.com\/zapotecoxidza.com\/wp-content\/uploads\/2023\/06\/Gulite-gulita-kieru.png?fit=1200%2C832&ssl=1&resize=525%2C300 1.5x, https:\/\/i0.wp.com\/zapotecoxidza.com\/wp-content\/uploads\/2023\/06\/Gulite-gulita-kieru.png?fit=1200%2C832&ssl=1&resize=700%2C400 2x, https:\/\/i0.wp.com\/zapotecoxidza.com\/wp-content\/uploads\/2023\/06\/Gulite-gulita-kieru.png?fit=1200%2C832&ssl=1&resize=1050%2C600 3x"},"classes":[]}],"jetpack_shortlink":"https:\/\/wp.me\/PeROO3-Qi","jetpack_sharing_enabled":true,"jetpack_likes_enabled":true,"amp_enabled":true,"_links":{"self":[{"href":"https:\/\/zapotecoxidza.com\/en\/wp-json\/wp\/v2\/pages\/3242","targetHints":{"allow":["GET"]}}],"collection":[{"href":"https:\/\/zapotecoxidza.com\/en\/wp-json\/wp\/v2\/pages"}],"about":[{"href":"https:\/\/zapotecoxidza.com\/en\/wp-json\/wp\/v2\/types\/page"}],"author":[{"embeddable":true,"href":"https:\/\/zapotecoxidza.com\/en\/wp-json\/wp\/v2\/users\/1"}],"replies":[{"embeddable":true,"href":"https:\/\/zapotecoxidza.com\/en\/wp-json\/wp\/v2\/comments?post=3242"}],"version-history":[{"count":1,"href":"https:\/\/zapotecoxidza.com\/en\/wp-json\/wp\/v2\/pages\/3242\/revisions"}],"predecessor-version":[{"id":7483,"href":"https:\/\/zapotecoxidza.com\/en\/wp-json\/wp\/v2\/pages\/3242\/revisions\/7483"}],"wp:attachment":[{"href":"https:\/\/zapotecoxidza.com\/en\/wp-json\/wp\/v2\/media?parent=3242"}],"curies":[{"name":"wp","href":"https:\/\/api.w.org\/{rel}","templated":true}]}}