{"id":3245,"date":"2023-06-01T15:53:57","date_gmt":"2023-06-01T20:53:57","guid":{"rendered":"https:\/\/zapotecoxidza.com\/mi-cuenta\/"},"modified":"2023-06-01T15:53:57","modified_gmt":"2023-06-01T20:53:57","slug":"mi-cuenta","status":"publish","type":"page","link":"https:\/\/zapotecoxidza.com\/en\/mi-cuenta\/","title":{"rendered":"Mi cuenta"},"content":{"rendered":"<div class=\"woocommerce\"><\/div>","protected":false},"excerpt":{"rendered":"","protected":false},"author":1,"featured_media":0,"parent":0,"menu_order":0,"comment_status":"closed","ping_status":"closed","template":"","meta":{"give_campaign_id":0,"om_disable_all_campaigns":false,"neve_meta_sidebar":"","neve_meta_container":"","neve_meta_enable_content_width":"","neve_meta_content_width":0,"neve_meta_title_alignment":"","neve_meta_author_avatar":"","neve_post_elements_order":"","neve_meta_disable_header":"","neve_meta_disable_footer":"","neve_meta_disable_title":"","_themeisle_gutenberg_block_has_review":false,"footnotes":""},"class_list":["post-3245","page","type-page","status-publish","hentry"],"aioseo_notices":[],"campaignId":"","jetpack-related-posts":[{"id":3,"url":"https:\/\/zapotecoxidza.com\/en\/politica-privacidad-beni-xhidza\/","url_meta":{"origin":3245,"position":0},"title":"Pol\u00edtica de privacidad","author":"B\u00ebni Xidza","date":"10\/06\/2021","format":false,"excerpt":"Qui\u00e9nes somos La direcci\u00f3n de nuestra web es: https:\/\/zapotecoxidza.com. Comentarios Cuando los visitantes dejan comentarios en la web, recopilamos los datos que se muestran en el formulario de comentarios, as\u00ed como la direcci\u00f3n IP del visitante y la cadena de agentes de usuario del navegador para ayudar a la detecci\u00f3n\u2026","rel":"","context":"Similar post","block_context":{"text":"Similar post","link":""},"img":{"alt_text":"","src":"","width":0,"height":0},"classes":[]}],"jetpack_shortlink":"https:\/\/wp.me\/PeROO3-Ql","jetpack_sharing_enabled":true,"jetpack_likes_enabled":true,"amp_enabled":true,"_links":{"self":[{"href":"https:\/\/zapotecoxidza.com\/en\/wp-json\/wp\/v2\/pages\/3245","targetHints":{"allow":["GET"]}}],"collection":[{"href":"https:\/\/zapotecoxidza.com\/en\/wp-json\/wp\/v2\/pages"}],"about":[{"href":"https:\/\/zapotecoxidza.com\/en\/wp-json\/wp\/v2\/types\/page"}],"author":[{"embeddable":true,"href":"https:\/\/zapotecoxidza.com\/en\/wp-json\/wp\/v2\/users\/1"}],"replies":[{"embeddable":true,"href":"https:\/\/zapotecoxidza.com\/en\/wp-json\/wp\/v2\/comments?post=3245"}],"version-history":[{"count":0,"href":"https:\/\/zapotecoxidza.com\/en\/wp-json\/wp\/v2\/pages\/3245\/revisions"}],"wp:attachment":[{"href":"https:\/\/zapotecoxidza.com\/en\/wp-json\/wp\/v2\/media?parent=3245"}],"curies":[{"name":"wp","href":"https:\/\/api.w.org\/{rel}","templated":true}]}}