{"id":69,"date":"2020-01-27T08:05:29","date_gmt":"2020-01-27T08:05:29","guid":{"rendered":"https:\/\/demosites.io\/web-agency-gb\/?page_id=69"},"modified":"2024-09-20T19:52:15","modified_gmt":"2024-09-21T01:52:15","slug":"zapoteco-didza-xidza","status":"publish","type":"page","link":"https:\/\/zapotecoxidza.com\/en\/zapoteco-didza-xidza\/","title":{"rendered":"Didza Xidza"},"content":{"rendered":"<div class=\"wp-block-cover alignfull has-neve-link-color-color has-text-color has-link-color wp-elements-82677f479921094ca61f86bea05d2bcb\" style=\"min-height:3166px;aspect-ratio:unset;\"><span aria-hidden=\"true\" class=\"wp-block-cover__background has-nv-site-bg-background-color has-background-dim-100 has-background-dim\"><\/span><div class=\"wp-block-cover__inner-container is-layout-flow wp-block-cover-is-layout-flow\">\n<div class=\"wp-block-group\"><div class=\"wp-block-group__inner-container is-layout-flow wp-block-group-is-layout-flow\">\n<h1 class=\"wp-block-heading has-text-align-left has-neve-text-color-color has-text-color\" style=\"font-size:57px\">Utxisa uspanru Didza Xidza!<\/h1>\n\n\n\n<p class=\"has-medium-font-size\">Txi guka tsuna iza gudela runa skwela ki <a href=\"https:\/\/zapotecoxidza.com\/en\/zapoteco-del-rincon-es-zar\/\" title=\"DIDZA XIDZA: Zapoteco del Rinc\u00f3n en la Sierra Norte\">Didza Xidza.<\/a> <\/p>\n\n\n\n<p class=\"has-medium-font-size\">Na rudu iza galaj gaywa yu\u2019u galaj gudelatu runtu tu kursu ga ulusedaka bunatxi iline Didza Xidza kieru. <\/p>\n\n\n\n<p class=\"has-medium-font-size\">Xunutxizka bunatxi gudake na gudelatu. Bwikiaj iza nara guka nayaa. Bentu lei tu yubla iza galaj gaywa yu\u2019u tu urwa.<\/p>\n\n\n\n<p class=\"has-medium-font-size\">Gude txi urwa ka bunatxi buzwa kwinke lu gitxi ki ga\u2019ke lu kursu ki Didza Xidza. <\/p>\n\n\n\n<p class=\"has-medium-font-size\">Orna gudelatu runtu lei txupa lizu tu iza, yugu iza. Txi guka xunu lizu rulu\u2019a Didza Xidza.<\/p>\n\n\n\n<p class=\"has-medium-font-size\">Idu txi urwa ka bunatxi txi guda&#8217;ka yugu lizu txi bentu lei. Raka xbaa yugu iza guna kursu ni, sa ilaa txa wayu\u2019u len ki.<\/p>\n\n\n\n<p class=\"has-medium-font-size\">Txiguka kiki iza galaj gaywa yu\u2019u txupa, len tsuna, len tapa urwa. <\/p>\n\n\n\n<p class=\"has-medium-font-size\">Sa ilaa bi gun iza zaa, iza galaj gaywa yu\u2019u gayu urwa. Il\u00e1dzga bala bunatxi ilidxin. Iza na\u2019a gu&#8217;nitu isalajtu tsuna grupu, ati tuz bl\u00ed.<\/p>\n\n\n\n<p class=\"has-medium-font-size\">Ta zaa re&#8217;nitu isalajtu tsuna yubla kaa, na ilaa txa wal\u00edka yugute. <\/p>\n\n\n\n<p class=\"has-medium-font-size\">Lazka iza gud\u00ebdi gusalajtu yu\u2019u tu liben ki kursu ni. Tuz ga rizloru rulwitu zi\u2019ala.<\/p>\n\n\n\n<p class=\"has-medium-font-size\">Ati iza gud\u00ebdi gudelatu rulwitu yu lati tu baniga kika bunatxi na txi gulizwa gana rigelaru.<\/p>\n\n\n\n<p class=\"has-medium-font-size\">Kursu ni runtu lei lu interne, runitu dxin zum; naa rkwatu rwitu didza len rusedatu gaka rnaru bipa twa len Didza Xidza. <\/p>\n\n\n\n<p class=\"has-medium-font-size\">Yuguka bunatxi ra&#8217;ka lu kursu ni tagixajka lati dumi, nade xupaga gaywa zua na\u2019a. <\/p>\n\n\n\n<p class=\"has-medium-font-size\">Tuni runitu lei dxin rigixhajtu yugu tu riyadzaj ki gaka skwela ni. <\/p>\n\n\n\n<p class=\"has-medium-font-size\">Tibi nu run netu kulen ki guntu kursu ni, tibi nu rgixhaj netu; tibi nu runa kietu dumi.<\/p>\n\n\n\n<p class=\"has-medium-font-size\">Tuzkaz dumi doo na tagixajkabe be ta\u2019be tusedabe naka tu ridubi kietu.<\/p>\n\n\n\n<figure class=\"wp-block-embed is-type-video is-provider-youtube wp-block-embed-youtube wp-embed-aspect-16-9 wp-has-aspect-ratio\"><div class=\"wp-block-embed__wrapper\">\n<div class=\"nv-iframe-embed\"><iframe loading=\"lazy\" title=\"\u00bfPor qu\u00e9 doy clases de Zapoteco para principiantes? \ud83e\udd14 \ud83e\udee2\" width=\"1200\" height=\"675\" src=\"https:\/\/www.youtube.com\/embed\/mzriOYA6p8k?feature=oembed&#038;enablejsapi=1&#038;origin=https:\/\/zapotecoxidza.com\/en\" frameborder=\"0\" allow=\"accelerometer; autoplay; clipboard-write; encrypted-media; gyroscope; picture-in-picture; web-share\" referrerpolicy=\"strict-origin-when-cross-origin\" allowfullscreen><\/iframe><\/div>\n<\/div><\/figure>\n\n\n\n<hr class=\"wp-block-separator has-alpha-channel-opacity\"\/>\n\n\n\n<h2 class=\"wp-block-heading has-neve-link-color-color has-text-color has-link-color wp-elements-aa5030df98b5b8fec41c1db60d9f1b49\">Bixke na rulwitu Didza Xidza? <\/h2>\n\n\n\n<p class=\"has-medium-font-size\">Netun\u00ed rinatu ki rala utxisa uspanru didza kieru. Tibi rala uderu lataj ki ulazka didza kieka b\u00ebni gula kieru.<\/p>\n\n\n\n<p class=\"has-medium-font-size\">Y\u00ebdzi zian nakwaa ga tibira taneka bunatxi Didza Xidza. Ati tuwinibe bekwidi ki xuzxnakabe tibi bulwikine lakabe xtidzake.<\/p>\n\n\n\n<p class=\"has-medium-font-size\">Tu zian guka dzanite, tu zian bulutsaga xuzxnaru ni\u2019ki tu gulinee Didza Xidza. <\/p>\n\n\n\n<p class=\"has-medium-font-size\">Butitajke lake, buluxhidxiki lake yazikala bunatxi tun ba xh\u00ebn, tu tun ba rajni\u2019i. <\/p>\n\n\n\n<p class=\"has-medium-font-size\">Len laska b\u00ebni xtila, len yugu bunatxi tanabee, bululeaj bulibike bunatxi waladza kieru ni\u2019i ki tu kabi tanee didza Xtila. <\/p>\n\n\n\n<p class=\"has-medium-font-size\">Tu zian guka kieke, beeke kieke d\u00eb\u00eb o busaka buki\u2019ke lake. <\/p>\n\n\n\n<p class=\"has-medium-font-size\">Ati twa na gulitxuge, tanee tibira ulwiru Didza Xidza ka bekieru, ka bexsuaru, tanee. <\/p>\n\n\n\n<p class=\"has-medium-font-size\">Ki kabi tekabe yela yetxi guderu, tanee. Kabi nu uxhidxi lakabe, ki gakara kiekabe dxi\u2019a tanee.<\/p>\n\n\n\n<p class=\"has-medium-font-size\">Kaa guka ati guzlo ruula Didza Xidza kieru. Len nazaa gubiernu ki Mejiku zii guzwe ga g\u00fanne usule Xtidzaru.<\/p>\n\n\n\n<p class=\"has-medium-font-size\">Ni ki twa na bunatxi zian, be raban, lenka b\u00ebni, nigula, bedoo; iza\u2019s bunatxi tibira taneka Didza Xidza. <\/p>\n\n\n\n<p class=\"has-medium-font-size\">Ati na\u2019a yugu ka be kwidi tuwi\u2019nikabe kabi busediki lakabe lei xuzxnakabe. <\/p>\n\n\n\n<p class=\"has-medium-font-size\">Yu\u2019u balabe tadilabe o tupixhajkibe xuzxn\u00e1kabe tu kabi bulwikine lakabe Didza Xidza. <\/p>\n\n\n\n<p class=\"has-medium-font-size\">Nazaa bunatxi zian narwajka ladziki, zwaka siwda yubla o yuguka pais yubla. <\/p>\n\n\n\n<p class=\"has-medium-font-size\">Yuguka bunatxi naa tadaka na\u2019a tugilaj gax uliseda ki xuzxtoki. Twa na zwatu netuni rulwitu Didza Xidza.<\/p>\n\n\n\n<p class=\"has-medium-font-size\">Ki kaa yugu ka bunatxi na re&#8217;niki uliseda lei sekiki uliseda, ilakaka iline didza na guneka b\u00ebnigula kiki. <\/p>\n\n\n\n<p class=\"has-medium-font-size\">Twa na runtu skwela ki Didza Xidza, ki gata tu lataj ga uluseda bunatxi te&#8217;ni ilaka iline Didza Xidza na. <\/p>\n\n\n\n<p class=\"has-medium-font-size\">Komu tu nakaru b\u00ebni yetxi doo tibi nu run bala xtidzaru. Tibi zwa ga tseajru skwela usedaru lei txa r\u00e9niru gakaru ineru lei.<\/p>\n\n\n\n<p class=\"has-medium-font-size\">Karaka yazikala didza tanabee lu idzaliy\u00fa ni, r\u00eb\u00ebruka skwela ga usedaru leiki, o ga uluseda lei xhinka bunatxi. <\/p>\n\n\n\n<p class=\"has-medium-font-size\">Ati reo <a href=\"https:\/\/www.youtube.com\/@Zapotec\" target=\"_blank\" rel=\"noopener\" title=\"\">B\u00ebni Xidza<\/a> tibi nu zwa ulwi re\u2019o xtidzaru, tibi zwa ga tseajru usedaru lei. <\/p>\n\n\n\n<p class=\"has-medium-font-size\">Tuz bedoo nakwakabe lu y\u00ebdzi kieru takabe tanebe lei. San bedoo dz\u00ebbe Lula\u2019a o Zgita tibi de gaka ulusedabe didza kieru.<\/p>\n\n\n\n<p class=\"has-medium-font-size\">Txaba tanez lei xuzxnakabe walakabe lei; txa lake ululidze lakabe Didza Xidza. <\/p>\n\n\n\n<p class=\"has-medium-font-size\">Mala kaa, baniga ba run ilakabe Didza Xidza bedoo zwakabe siuda. Twa netuni rnatu ki rala swa skwela kierukaz ga usedaru xtidzaru.<\/p>\n\n\n\n<p class=\"has-medium-font-size\">Tibi r\u00e1la gunru l\u00ebza gubiernu gune dxin na. Kwinru na kwekiru skwela kieru. Kaa naka ikiajlotu, ati twa na nakwatu rulwitu didza kieru.<\/p>\n\n\n\n<figure class=\"wp-block-embed is-type-video is-provider-youtube wp-block-embed-youtube wp-embed-aspect-16-9 wp-has-aspect-ratio\"><div class=\"wp-block-embed__wrapper\">\n<div class=\"nv-iframe-embed\"><iframe loading=\"lazy\" title=\"HABLEMOS ZAPOTECO | Zapoteco hablado.\" width=\"1200\" height=\"675\" src=\"https:\/\/www.youtube.com\/embed\/q_HP6mP4YsE?feature=oembed&#038;enablejsapi=1&#038;origin=https:\/\/zapotecoxidza.com\/en\" frameborder=\"0\" allow=\"accelerometer; autoplay; clipboard-write; encrypted-media; gyroscope; picture-in-picture; web-share\" referrerpolicy=\"strict-origin-when-cross-origin\" allowfullscreen><\/iframe><\/div>\n<\/div><\/figure>\n<\/div><\/div>\n<\/div><\/div>\n\n\n\n<hr class=\"wp-block-separator has-alpha-channel-opacity\"\/>\n\n\n\n<h2 class=\"wp-block-heading\">Ba naka baniga ulwiru o usedaru Didza Xidza ka?<\/h2>\n\n\n\n<p class=\"has-medium-font-size\">Baniga ba naka ulwiru xtidzaru komu tibi de ga usedaru ulwiru lei. Tibi nu zwa uzajni\u2019i reo gakax ni\u2019i ulwiru didza kieru.<\/p>\n\n\n\n<p class=\"has-medium-font-size\">Kun gudelakaza runa skwela ki na gula guzlawa iza galaj gaywa yu\u2019u galaj. Tsawiladxi gunisida gakax ni\u2019i guna ulwa&#8217;a lei.<\/p>\n\n\n\n<p class=\"has-medium-font-size\">Apu txi raka\u2019a rulwa lei na\u2019a, txi guzlo rib\u00eb\u00eb xbei ka runa skwela. Na guzlawa baniga ba beni neda, ni\u2019i ka n\u00ebsta bi inia, o bix guna.<\/p>\n\n\n\n<p class=\"has-medium-font-size\">Twa rwa&#8217;a yela xkalen ka yugu bunatxi na guda\u2019ka lu kursu ni na gudelaza runa lei. Komu xkalenka bunatxi naa guyu\u2019 lenda ruseda ulwa&#8217;a Didza Xidza.<\/p>\n\n\n\n<p class=\"has-medium-font-size\">Na\u2019a dxi\u2019a ba txi n\u00ebsta gakax guna skwela ni.  Kana gunia, tibi de ga usedaru ulwiru didza kieru.<\/p>\n\n\n\n<p class=\"has-medium-font-size\">Ni ka zwa ga ga&#8217;wiru tu libru gun yudar re\u2019o. Tu gitxi ga zaaka leksion o ga zaaka jersisiu len yugu ka dxin gunru.<\/p>\n\n\n\n<p class=\"has-medium-font-size\">Karaka kati rusedaru didza Ingles o bipala didza tanabee lu idzaliyu ni, o karaka b\u00ebni gringu tusede didza Xtila, raka ta&#8217;wike tu libru ga ulusede didza naa. <\/p>\n\n\n\n<p class=\"has-medium-font-size\">Ati reoni tibi zwa ga txiiru libru guniru dxin txa nakaru maistru. Karaka geniru ulwiru sidza Xtila, waka txiiru tu libru ki didza Xtila ga ru&#8217;tike lei.<\/p>\n\n\n\n<p class=\"has-medium-font-size\">Yulajda ulwiru didza Xtila na len yugu ka libru na. Ati len xtidzaru tibi deka yugu libru naa.<\/p>\n\n\n\n<p class=\"has-medium-font-size\">Laz kaa raka kiekabe be tusedabe lei, tibi zwa ga ila&#8217;wibe libru ki ulusedabe. <\/p>\n\n\n\n<p class=\"has-medium-font-size\">Laska tibi zwa nu len gwikabe didza, tibi de gaka ulugunibe dxin didza naa. Ka raka kati rusedaru didza Ingles, raka ruyuru pelikula.<\/p>\n\n\n\n<p class=\"has-medium-font-size\">Iza\u2019z yugu tu yu\u2019u lu interne tu ruzenagaru, tu ruyuru, tu gun xdanru, tu kitajru. Len Didza Xidza kieru ga saa yugu twa.<\/p>\n\n\n\n<p class=\"has-medium-font-size\">Ati ni ki twa na rundzga baniga usedaka lei bunatxi, len laska baniga run ulwiru lei. <\/p>\n\n\n\n<p class=\"has-medium-font-size\">De ki uxhuxhaj ukinaj ikiajloru ki gakaru ulwiru Didza Xidza naa. Nazaa nupa teni uluseda lei rala ilin\u00ebz ki tibi naka yulajz.<\/p>\n\n\n\n<p class=\"has-medium-font-size\">De ki ulugilaj gaka ilun ki ilaka iline Didza Xidza kieru ni. Tsawiladxi re&#8217;ni tseajlenru lei.<\/p>\n\n\n\n<figure class=\"wp-block-embed is-type-video is-provider-youtube wp-block-embed-youtube wp-embed-aspect-16-9 wp-has-aspect-ratio\"><div class=\"wp-block-embed__wrapper\">\n<div class=\"nv-iframe-embed\"><iframe loading=\"lazy\" title=\"LECTURA DE TEXTOS EN ZAPOTECO\" width=\"1200\" height=\"675\" src=\"https:\/\/www.youtube.com\/embed\/pBl-NvHB31U?feature=oembed&#038;enablejsapi=1&#038;origin=https:\/\/zapotecoxidza.com\/en\" frameborder=\"0\" allow=\"accelerometer; autoplay; clipboard-write; encrypted-media; gyroscope; picture-in-picture; web-share\" referrerpolicy=\"strict-origin-when-cross-origin\" allowfullscreen><\/iframe><\/div>\n<\/div><\/figure>\n\n\n\n<hr class=\"wp-block-separator has-alpha-channel-opacity\"\/>\n\n\n\n<h2 class=\"wp-block-heading\">Tu re&#8217;nitu guntu ki x\u00ebn skwela ni<\/h2>\n\n\n\n<p class=\"has-medium-font-size\">Netuni raka xbatu x\u00ebn skwela kietu ni. <\/p>\n\n\n\n<p class=\"has-medium-font-size\">Renitu isalajtu masra grupu, renitu idxintu ga yuguka be na tenibe ulusedabe Didza Xidza ki ilidxinbe zitu, uluube xtsaa len didza na. <\/p>\n\n\n\n<p class=\"has-medium-font-size\">Raka xbatu idxintu ga ilikwa bunatxi ilaka iline Didza Xidza xkalen skwela kietu. <\/p>\n\n\n\n<p class=\"has-medium-font-size\">Twa zwatu rusedatu masra gakax gunru ul\u00fairu ka bunatxi didza kieru. <\/p>\n\n\n\n<p class=\"has-medium-font-size\">Komu tibi naka tuz ka rizediru ineru Didza Xidza kati ralaj lenru lei len kati rusedaru lei txi guxh\u00ebnru.<\/p>\n\n\n\n<p class=\"has-medium-font-size\">Nadzaa ka rusedaru tu didza rurupa rneru, deni gakax gunru ulwiru lei len usedaru leiki. <\/p>\n\n\n\n<p class=\"has-medium-font-size\">Dxin na rina ladxa guna nedan\u00ed, renda usedida bunatxi iline Didza Xidza.  Nedani rinia ki waka ilikwa bunatxi kubi iline xtidzaru.<\/p>\n\n\n\n<p class=\"has-medium-font-size\">De bixpa gunru ki ilakabe ilinebe lei bedoo, ki iline lei bunatxi txi tanee tu didza yubla bilizediki kati nakaka bedoo we\u2019n. <\/p>\n\n\n\n<p class=\"has-medium-font-size\">Twa na ridatu runtu skwela ki Didza Xidza, komu n\u00ebstu ki waka kieru. <\/p>\n\n\n\n<p class=\"has-medium-font-size\">Tibi naka yulajz, baniga naka, zian iza kiela ki ilakabe lei. Xtsei tseaj, tibi gakakabe lei txupa tsuna beoz.<\/p>\n\n\n\n<p class=\"has-medium-font-size\">Netuni rnatu ki tu skwela nakiniru ki utxisa uspanru Didza Xidza kieru, lei skwela na rdatu runtu. <\/p>\n\n\n\n<p class=\"has-medium-font-size\">Len tu skwela wazekiru usedaru ineru Didza Xidza, wazekika bunatxi uluseda len iline lei. <\/p>\n\n\n\n<p class=\"has-medium-font-size\">Wadxin tu dza ga yugube skwela kietu walinebe Didza Xidza, kaa raka xbatu. <\/p>\n\n\n\n<p class=\"has-medium-font-size\">Naza neda, zeja ruseda masra; rin\u00ebsta masra len dxin ni runa. Yu\u2019u gadxi xunu iza zitera txi raka\u2019a ulwa&#8217;a Didza Xidza.<\/p>\n\n\n\n<p class=\"has-medium-font-size\">Zitera txi naba\u2019a xtxina len raka xba txi gux\u00ebn skwela ni nazaa txi dz\u00eb&#8217;\u00eb bunatxi txi tanee Didza Xidza xkalen skwela kia. <\/p>\n\n\n\n<p class=\"has-medium-font-size\">Ni ki gulizwa buliseda lei len nedani. Kaa naka tu renda guna. <\/p>\n\n\n\n<p class=\"has-medium-font-size\">Nazaa renda ki yugu be tenibe ulusedabe iligixhajbe, kaa kabi guni looru gubiernu o swa nu gun re\u2019o yudar len dumi. <\/p>\n\n\n\n<p class=\"has-medium-font-size\">Kwinru na rala gunru skwela kieru. Kiezru gunru lei. <\/p>\n\n\n\n<p class=\"has-medium-font-size\">San txa tsalizu zwaru runru l\u00ebza gubiernu, yugu skwela ki gubiernu, o nupala ululwi Didza Xidza kieru tibi sekiru utxisa uspanru lei. <\/p>\n\n\n\n<p class=\"has-medium-font-size\">Wadxin dza ga \u00falaz kaa txa kabi bee ladxiru lei reo kwinru. <\/p>\n\n\n\n<p class=\"has-medium-font-size\">Twa na tibi rida rigilja dumi ki gubiernu o nu gun neda yudar, o nula kixhaj neda ki kaa tibi laxaj skwela kia tsu\u2019u. <\/p>\n\n\n\n<p class=\"has-medium-font-size\">A\u2019a. Neda rinia ki be tenibe ulusedabe rala iligixhajbe, ki kaa gala skwela na len x\u00ebn.<\/p>\n\n\n\n<p class=\"has-medium-font-size\">Nazaa gaka gunru tu re&#8217;niru, kabi kwabi reo nula zwa runa dumi ki gunru dxin na. De ki tsu\u2019 loru ki re\u2019o naka lu naru xtidzaru.<\/p>\n\n\n\n<p class=\"has-medium-font-size\">Lu naru naka txa ula o waline lei bunatxi yu txidaa tx\u00ecnu gaywa gaywa iza kati na\u2019a.<\/p>\n\n\n\n<figure class=\"wp-block-embed is-type-rich is-provider-issuu wp-block-embed-issuu\"><div class=\"wp-block-embed__wrapper\">\n<iframe title=\"Didza Liban \" src=\"https:\/\/e.issuu.com\/embed.html?u=rayocruz&#038;d=liban\" style=\"border:none; width: 1200px; height: 920px;\" allow=\"clipboard-write,allow-top-navigation,allow-top-navigation-by-user-activation,allow-downloads,allow-scripts,allow-same-origin,allow-popups,allow-modals,allow-popups-to-escape-sandbox,allow-forms\"  allowfullscreen=\"true\"><\/iframe>\n<\/div><\/figure>","protected":false},"excerpt":{"rendered":"<p>Ba naka baniga ulwiru o usedaru Didza Xidza ka? Baniga ba naka ulwiru xtidzaru komu tibi de ga usedaru ulwiru lei. Tibi nu zwa uzajni\u2019i reo gakax ni\u2019i ulwiru didza kieru. Kun gudelakaza runa skwela ki na gula guzlawa iza galaj gaywa yu\u2019u galaj. Tsawiladxi gunisida gakax ni\u2019i guna ulwa&#8217;a lei. Apu txi raka\u2019a rulwa&hellip;&nbsp;<a href=\"https:\/\/zapotecoxidza.com\/en\/zapoteco-didza-xidza\/\" rel=\"bookmark\">Read More &raquo;<span class=\"screen-reader-text\">Didza Xidza<\/span><\/a><\/p>","protected":false},"author":1,"featured_media":699,"parent":0,"menu_order":0,"comment_status":"closed","ping_status":"closed","template":"","meta":{"give_campaign_id":0,"om_disable_all_campaigns":false,"neve_meta_sidebar":"full-width","neve_meta_container":"","neve_meta_enable_content_width":"on","neve_meta_content_width":100,"neve_meta_title_alignment":"","neve_meta_author_avatar":"","neve_post_elements_order":"","neve_meta_disable_header":"","neve_meta_disable_footer":"","neve_meta_disable_title":"on","_themeisle_gutenberg_block_has_review":false,"footnotes":""},"class_list":["post-69","page","type-page","status-publish","has-post-thumbnail","hentry"],"aioseo_notices":[],"campaignId":"","jetpack-related-posts":[{"id":71,"url":"https:\/\/zapotecoxidza.com\/en\/revitalizar-el-zapoteco\/","url_meta":{"origin":69,"position":0},"title":"Turuntu","author":"B\u00ebni Xidza","date":"27\/01\/2020","format":false,"excerpt":"Lo que hacemos en Zapoteco Trabajamos diferentes iniciativas encaminadas a revalorar el Zapoteco en particular, y las lenguas ind\u00edgenas en general. Nos enfocamos en el Didza Xidza que se habla en el Rinc\u00f3n de la Sierra Ju\u00e1rez de Oaxaca. https:\/\/www.youtube.com\/watch?v=LoHC-yWQs2s&list=PL_MdZnaD5Rx0vBxUDbkVd6EfncS5mRLJ1&index=5 https:\/\/youtu.be\/PGhpggJaeB0 Nuestro enfoque principal es la ense\u00f1anza de la lengua\u2026","rel":"","context":"Similar post","block_context":{"text":"Similar post","link":""},"img":{"alt_text":"Memes en Zapoteco","src":"https:\/\/i0.wp.com\/zapotecoxidza.com\/wp-content\/uploads\/2021\/06\/WhatsApp-Image-2021-06-25-at-18.20.35.jpeg?resize=350%2C200&ssl=1","width":350,"height":200,"srcset":"https:\/\/i0.wp.com\/zapotecoxidza.com\/wp-content\/uploads\/2021\/06\/WhatsApp-Image-2021-06-25-at-18.20.35.jpeg?resize=350%2C200&ssl=1 1x, https:\/\/i0.wp.com\/zapotecoxidza.com\/wp-content\/uploads\/2021\/06\/WhatsApp-Image-2021-06-25-at-18.20.35.jpeg?resize=525%2C300&ssl=1 1.5x"},"classes":[]},{"id":61,"url":"https:\/\/zapotecoxidza.com\/en\/zapoteco-de-oaxaca\/","url_meta":{"origin":69,"position":1},"title":"Netuni","author":"B\u00ebni Xidza","date":"23\/01\/2020","format":false,"excerpt":"Zapoteco \u00bfQu\u00e9 es el colectivo B\u00ebni Xidza? Somos activistas digitales en Lenguas Ind\u00edgenas. En este espacio queremos compartir con ustedes nuestro trabajo sobre la revitalizaci\u00f3n y fortalecimiento de la lengua Zapoteca. Nuestro nombre Zapoteco B\u00ebni Xidza es el gentilicio de los Zapotecos del Rinc\u00f3n. El Rinc\u00f3n es una micro regi\u00f3n\u2026","rel":"","context":"Similar post","block_context":{"text":"Similar post","link":""},"img":{"alt_text":"Zapoteco del Rinc\u00f3n","src":"https:\/\/i0.wp.com\/zapotecoxidza.com\/wp-content\/uploads\/2021\/07\/Disen%CC%83o-sin-ti%CC%81tulo-4.png?resize=350%2C200&ssl=1","width":350,"height":200,"srcset":"https:\/\/i0.wp.com\/zapotecoxidza.com\/wp-content\/uploads\/2021\/07\/Disen%CC%83o-sin-ti%CC%81tulo-4.png?resize=350%2C200&ssl=1 1x, https:\/\/i0.wp.com\/zapotecoxidza.com\/wp-content\/uploads\/2021\/07\/Disen%CC%83o-sin-ti%CC%81tulo-4.png?resize=525%2C300&ssl=1 1.5x, https:\/\/i0.wp.com\/zapotecoxidza.com\/wp-content\/uploads\/2021\/07\/Disen%CC%83o-sin-ti%CC%81tulo-4.png?resize=700%2C400&ssl=1 2x, https:\/\/i0.wp.com\/zapotecoxidza.com\/wp-content\/uploads\/2021\/07\/Disen%CC%83o-sin-ti%CC%81tulo-4.png?resize=1050%2C600&ssl=1 3x"},"classes":[]},{"id":13254,"url":"https:\/\/zapotecoxidza.com\/en\/becas-para-estudiar-zapoteco\/","url_meta":{"origin":69,"position":2},"title":"Becas para estudiantes de Zapoteco como segunda lengua","author":"B\u00ebni Xidza","date":"11\/06\/2025","format":false,"excerpt":"Ay\u00fadanos a otorgar becas para estudiantes de Zapoteco en el curso del Colectivo B\u00ebni Xidza.","rel":"","context":"Similar post","block_context":{"text":"Similar post","link":""},"img":{"alt_text":"Curso para Aprender Zapoteco, verano 2025","src":"https:\/\/i0.wp.com\/zapotecoxidza.com\/wp-content\/uploads\/2021\/08\/Curso-para-Aprender-Zapoteco-verano-2025.png?fit=1200%2C675&ssl=1&resize=350%2C200","width":350,"height":200,"srcset":"https:\/\/i0.wp.com\/zapotecoxidza.com\/wp-content\/uploads\/2021\/08\/Curso-para-Aprender-Zapoteco-verano-2025.png?fit=1200%2C675&ssl=1&resize=350%2C200 1x, https:\/\/i0.wp.com\/zapotecoxidza.com\/wp-content\/uploads\/2021\/08\/Curso-para-Aprender-Zapoteco-verano-2025.png?fit=1200%2C675&ssl=1&resize=525%2C300 1.5x, https:\/\/i0.wp.com\/zapotecoxidza.com\/wp-content\/uploads\/2021\/08\/Curso-para-Aprender-Zapoteco-verano-2025.png?fit=1200%2C675&ssl=1&resize=700%2C400 2x, https:\/\/i0.wp.com\/zapotecoxidza.com\/wp-content\/uploads\/2021\/08\/Curso-para-Aprender-Zapoteco-verano-2025.png?fit=1200%2C675&ssl=1&resize=1050%2C600 3x"},"classes":[]},{"id":3242,"url":"https:\/\/zapotecoxidza.com\/en\/tienda\/","url_meta":{"origin":69,"position":3},"title":"Tienda","author":"B\u00ebni Xidza","date":"01\/06\/2023","format":false,"excerpt":"","rel":"","context":"Similar post","block_context":{"text":"Similar post","link":""},"img":{"alt_text":"","src":"","width":0,"height":0},"classes":[]},{"id":3243,"url":"https:\/\/zapotecoxidza.com\/en\/carrito\/","url_meta":{"origin":69,"position":4},"title":"Carrito","author":"B\u00ebni Xidza","date":"01\/06\/2023","format":false,"excerpt":"","rel":"","context":"Similar post","block_context":{"text":"Similar post","link":""},"img":{"alt_text":"","src":"","width":0,"height":0},"classes":[]},{"id":3245,"url":"https:\/\/zapotecoxidza.com\/en\/mi-cuenta\/","url_meta":{"origin":69,"position":5},"title":"Mi cuenta","author":"B\u00ebni Xidza","date":"01\/06\/2023","format":false,"excerpt":"","rel":"","context":"Similar post","block_context":{"text":"Similar post","link":""},"img":{"alt_text":"","src":"","width":0,"height":0},"classes":[]}],"jetpack_shortlink":"https:\/\/wp.me\/PeROO3-17","jetpack_sharing_enabled":true,"jetpack_likes_enabled":true,"amp_enabled":true,"_links":{"self":[{"href":"https:\/\/zapotecoxidza.com\/en\/wp-json\/wp\/v2\/pages\/69","targetHints":{"allow":["GET"]}}],"collection":[{"href":"https:\/\/zapotecoxidza.com\/en\/wp-json\/wp\/v2\/pages"}],"about":[{"href":"https:\/\/zapotecoxidza.com\/en\/wp-json\/wp\/v2\/types\/page"}],"author":[{"embeddable":true,"href":"https:\/\/zapotecoxidza.com\/en\/wp-json\/wp\/v2\/users\/1"}],"replies":[{"embeddable":true,"href":"https:\/\/zapotecoxidza.com\/en\/wp-json\/wp\/v2\/comments?post=69"}],"version-history":[{"count":27,"href":"https:\/\/zapotecoxidza.com\/en\/wp-json\/wp\/v2\/pages\/69\/revisions"}],"predecessor-version":[{"id":8356,"href":"https:\/\/zapotecoxidza.com\/en\/wp-json\/wp\/v2\/pages\/69\/revisions\/8356"}],"wp:featuredmedia":[{"embeddable":true,"href":"https:\/\/zapotecoxidza.com\/en\/wp-json\/wp\/v2\/media\/699"}],"wp:attachment":[{"href":"https:\/\/zapotecoxidza.com\/en\/wp-json\/wp\/v2\/media?parent=69"}],"curies":[{"name":"wp","href":"https:\/\/api.w.org\/{rel}","templated":true}]}}