{"id":75,"date":"2020-01-27T08:29:32","date_gmt":"2020-01-27T08:29:32","guid":{"rendered":"https:\/\/demosites.io\/web-agency-gb\/?page_id=75"},"modified":"2024-04-16T22:23:29","modified_gmt":"2024-04-17T04:23:29","slug":"despedida-en-zapoteco-xhidza","status":"publish","type":"page","link":"https:\/\/zapotecoxidza.com\/en\/despedida-en-zapoteco-xhidza\/","title":{"rendered":"Udzagaru!"},"content":{"rendered":"\n<div class=\"wp-block-cover alignfull\" style=\"min-height:300px;aspect-ratio:unset;\"><span aria-hidden=\"true\" class=\"wp-block-cover__background has-nv-site-bg-background-color has-background-dim-100 has-background-dim\"><\/span><div class=\"wp-block-cover__inner-container is-layout-flow wp-block-cover-is-layout-flow\">\n<div class=\"wp-block-group\"><div class=\"wp-block-group__inner-container is-layout-flow wp-block-group-is-layout-flow\">\n<h1 class=\"wp-block-heading has-text-align-left has-neve-text-color-color has-text-color\">Cont\u00e1ctanos si deseas <a href=\"https:\/\/zapotecoxidza.com\/aprender-zapoteco\/\" target=\"_blank\" rel=\"noopener\" title=\"\">aprender Zapoteco.<\/a><\/h1>\n<\/div><\/div>\n<\/div><\/div>\n\n\n\n<div class=\"wp-block-cover alignfull\" style=\"min-height:420px;aspect-ratio:unset;\"><span aria-hidden=\"true\" class=\"wp-block-cover__background has-nv-light-bg-background-color has-background-dim-100 has-background-dim\"><\/span><div class=\"wp-block-cover__inner-container is-layout-flow wp-block-cover-is-layout-flow\">\n<div style=\"height:80px\" aria-hidden=\"true\" class=\"wp-block-spacer\"><\/div>\n\n\n\n<div class=\"wp-block-columns is-layout-flex wp-container-core-columns-is-layout-9d6595d7 wp-block-columns-is-layout-flex\">\n<div class=\"wp-block-column ticss-4ce656f1 is-layout-flow wp-block-column-is-layout-flow\">\n<div style=\"height:24px\" aria-hidden=\"true\" class=\"wp-block-spacer\"><\/div>\n\n\n<div class=\"wp-block-image icon-style is-style-default\">\n<figure class=\"aligncenter size-large is-resized\"><a href=\"https:\/\/twitter.com\/ZapotecoXidza\" target=\"_blank\" rel=\"noopener\"><img data-recalc-dims=\"1\" loading=\"lazy\" decoding=\"async\" width=\"1024\" height=\"832\" data-attachment-id=\"346\" data-permalink=\"https:\/\/zapotecoxidza.com\/en\/despedida-en-zapoteco-xhidza\/twitter-logo\/\" data-orig-file=\"https:\/\/i0.wp.com\/zapotecoxidza.com\/wp-content\/uploads\/2021\/06\/twitter-logo.png?fit=1936%2C1573&amp;ssl=1\" data-orig-size=\"1936,1573\" data-comments-opened=\"1\" data-image-meta=\"{&quot;aperture&quot;:&quot;0&quot;,&quot;credit&quot;:&quot;&quot;,&quot;camera&quot;:&quot;&quot;,&quot;caption&quot;:&quot;&quot;,&quot;created_timestamp&quot;:&quot;0&quot;,&quot;copyright&quot;:&quot;&quot;,&quot;focal_length&quot;:&quot;0&quot;,&quot;iso&quot;:&quot;0&quot;,&quot;shutter_speed&quot;:&quot;0&quot;,&quot;title&quot;:&quot;&quot;,&quot;orientation&quot;:&quot;0&quot;}\" data-image-title=\"twitter-logo\" data-image-description=\"\" data-image-caption=\"\" data-large-file=\"https:\/\/i0.wp.com\/zapotecoxidza.com\/wp-content\/uploads\/2021\/06\/twitter-logo.png?fit=1024%2C832&amp;ssl=1\" src=\"https:\/\/i0.wp.com\/zapotecoxidza.com\/wp-content\/uploads\/2021\/06\/twitter-logo.png?resize=1024%2C832&#038;ssl=1\" alt=\"\" class=\"wp-image-346\" style=\"width:171px;height:133px\" srcset=\"https:\/\/i0.wp.com\/zapotecoxidza.com\/wp-content\/uploads\/2021\/06\/twitter-logo.png?resize=1024%2C832&amp;ssl=1 1024w, https:\/\/i0.wp.com\/zapotecoxidza.com\/wp-content\/uploads\/2021\/06\/twitter-logo.png?resize=300%2C244&amp;ssl=1 300w, https:\/\/i0.wp.com\/zapotecoxidza.com\/wp-content\/uploads\/2021\/06\/twitter-logo.png?resize=768%2C624&amp;ssl=1 768w, https:\/\/i0.wp.com\/zapotecoxidza.com\/wp-content\/uploads\/2021\/06\/twitter-logo.png?resize=1536%2C1248&amp;ssl=1 1536w, https:\/\/i0.wp.com\/zapotecoxidza.com\/wp-content\/uploads\/2021\/06\/twitter-logo.png?w=1936&amp;ssl=1 1936w\" sizes=\"auto, (max-width: 1024px) 100vw, 1024px\" \/><\/a><\/figure>\n<\/div>\n\n\n<h3 class=\"wp-block-heading has-text-align-center has-neve-text-color-color has-text-color\"><a href=\"https:\/\/twitter.com\/ZapotecoXidza\" target=\"_blank\" rel=\"noreferrer noopener\">S\u00edguenos<\/a> <\/h3>\n\n\n\n<p class=\"has-text-align-center has-neve-text-color-color has-text-color\" style=\"font-size:15px\"><\/p>\n\n\n\n<div style=\"height:24px\" aria-hidden=\"true\" class=\"wp-block-spacer\"><\/div>\n<\/div>\n\n\n\n<div class=\"wp-block-column ticss-f6fc7494 is-layout-flow wp-block-column-is-layout-flow\">\n<div style=\"height:24px\" aria-hidden=\"true\" class=\"wp-block-spacer\"><\/div>\n\n\n<div class=\"wp-block-image icon-style is-style-rounded\">\n<figure class=\"aligncenter size-full\"><a href=\"https:\/\/www.facebook.com\/Zapotecoxidza\/\"><img data-recalc-dims=\"1\" loading=\"lazy\" decoding=\"async\" width=\"256\" height=\"256\" data-attachment-id=\"789\" data-permalink=\"https:\/\/zapotecoxidza.com\/en\/despedida-en-zapoteco-xhidza\/58e91965eb97430e819064f5\/\" data-orig-file=\"https:\/\/i0.wp.com\/zapotecoxidza.com\/wp-content\/uploads\/2021\/08\/58e91965eb97430e819064f5.png?fit=256%2C256&amp;ssl=1\" data-orig-size=\"256,256\" data-comments-opened=\"1\" data-image-meta=\"{&quot;aperture&quot;:&quot;0&quot;,&quot;credit&quot;:&quot;&quot;,&quot;camera&quot;:&quot;&quot;,&quot;caption&quot;:&quot;&quot;,&quot;created_timestamp&quot;:&quot;0&quot;,&quot;copyright&quot;:&quot;&quot;,&quot;focal_length&quot;:&quot;0&quot;,&quot;iso&quot;:&quot;0&quot;,&quot;shutter_speed&quot;:&quot;0&quot;,&quot;title&quot;:&quot;&quot;,&quot;orientation&quot;:&quot;0&quot;}\" data-image-title=\"58e91965eb97430e819064f5\" data-image-description=\"\" data-image-caption=\"\" data-large-file=\"https:\/\/i0.wp.com\/zapotecoxidza.com\/wp-content\/uploads\/2021\/08\/58e91965eb97430e819064f5.png?fit=256%2C256&amp;ssl=1\" src=\"https:\/\/i0.wp.com\/zapotecoxidza.com\/wp-content\/uploads\/2021\/08\/58e91965eb97430e819064f5.png?resize=256%2C256&#038;ssl=1\" alt=\"\" class=\"wp-image-789\" srcset=\"https:\/\/i0.wp.com\/zapotecoxidza.com\/wp-content\/uploads\/2021\/08\/58e91965eb97430e819064f5.png?w=256&amp;ssl=1 256w, https:\/\/i0.wp.com\/zapotecoxidza.com\/wp-content\/uploads\/2021\/08\/58e91965eb97430e819064f5.png?resize=150%2C150&amp;ssl=1 150w\" sizes=\"auto, (max-width: 256px) 100vw, 256px\" \/><\/a><\/figure>\n<\/div>\n\n\n<h3 class=\"wp-block-heading has-text-align-center has-neve-text-color-color has-text-color\"><a href=\"https:\/\/www.facebook.com\/Zapotecoxidza\/\" target=\"_blank\" rel=\"noreferrer noopener\">S\u00edguenos en Facebook<\/a><\/h3>\n\n\n\n<p class=\"has-text-align-center has-neve-text-color-color has-text-color\" style=\"font-size:15px\"><\/p>\n\n\n\n<div style=\"height:24px\" aria-hidden=\"true\" class=\"wp-block-spacer\"><\/div>\n<\/div>\n\n\n\n<div class=\"wp-block-column ticss-a5b4df29 is-layout-flow wp-block-column-is-layout-flow\">\n<div style=\"height:24px\" aria-hidden=\"true\" class=\"wp-block-spacer\"><\/div>\n\n\n<div class=\"wp-block-image icon-style is-style-default\">\n<figure class=\"aligncenter size-large is-resized\"><a href=\"https:\/\/www.youtube.com\/user\/luzban?sub_confirmation=1\" target=\"_blank\" rel=\"noopener\"><img data-recalc-dims=\"1\" loading=\"lazy\" decoding=\"async\" width=\"724\" height=\"507\" data-attachment-id=\"344\" data-permalink=\"https:\/\/zapotecoxidza.com\/en\/despedida-en-zapoteco-xhidza\/youtube-logo\/\" data-orig-file=\"https:\/\/i0.wp.com\/zapotecoxidza.com\/wp-content\/uploads\/2021\/06\/YouTube-logo.png?fit=724%2C507&amp;ssl=1\" data-orig-size=\"724,507\" data-comments-opened=\"1\" data-image-meta=\"{&quot;aperture&quot;:&quot;0&quot;,&quot;credit&quot;:&quot;&quot;,&quot;camera&quot;:&quot;&quot;,&quot;caption&quot;:&quot;&quot;,&quot;created_timestamp&quot;:&quot;0&quot;,&quot;copyright&quot;:&quot;&quot;,&quot;focal_length&quot;:&quot;0&quot;,&quot;iso&quot;:&quot;0&quot;,&quot;shutter_speed&quot;:&quot;0&quot;,&quot;title&quot;:&quot;&quot;,&quot;orientation&quot;:&quot;0&quot;}\" data-image-title=\"YouTube-logo\" data-image-description=\"\" data-image-caption=\"\" data-large-file=\"https:\/\/i0.wp.com\/zapotecoxidza.com\/wp-content\/uploads\/2021\/06\/YouTube-logo.png?fit=724%2C507&amp;ssl=1\" src=\"https:\/\/i0.wp.com\/zapotecoxidza.com\/wp-content\/uploads\/2021\/06\/YouTube-logo.png?resize=724%2C507&#038;ssl=1\" alt=\"\" class=\"wp-image-344\" style=\"width:155px;height:108px\" srcset=\"https:\/\/i0.wp.com\/zapotecoxidza.com\/wp-content\/uploads\/2021\/06\/YouTube-logo.png?w=724&amp;ssl=1 724w, https:\/\/i0.wp.com\/zapotecoxidza.com\/wp-content\/uploads\/2021\/06\/YouTube-logo.png?resize=300%2C210&amp;ssl=1 300w\" sizes=\"auto, (max-width: 724px) 100vw, 724px\" \/><\/a><\/figure>\n<\/div>\n\n\n<h3 class=\"wp-block-heading has-text-align-center has-neve-text-color-color has-text-color\"><a href=\"https:\/\/www.youtube.com\/user\/luzban?sub_confirmation=1\" target=\"_blank\" rel=\"noreferrer noopener\">Suscr\u00edbete<\/a><\/h3>\n\n\n\n<p class=\"has-text-align-center has-neve-text-color-color has-text-color\" style=\"font-size:15px\"><\/p>\n\n\n\n<div style=\"height:24px\" aria-hidden=\"true\" class=\"wp-block-spacer\"><\/div>\n\n\n\n<p><\/p>\n<\/div>\n<\/div>\n\n\n\n<div style=\"height:30px\" aria-hidden=\"true\" class=\"wp-block-spacer\"><\/div>\n<\/div><\/div>\n\n\n\n<div class=\"wp-block-cover alignfull\" style=\"min-height:600px;aspect-ratio:unset;\"><span aria-hidden=\"true\" class=\"wp-block-cover__background has-nv-dark-bg-background-color has-background-dim-100 has-background-dim\"><\/span><div class=\"wp-block-cover__inner-container is-layout-flow wp-block-cover-is-layout-flow\">\n<div class=\"wp-block-group\"><div class=\"wp-block-group__inner-container is-layout-flow wp-block-group-is-layout-flow\">\n<div style=\"height:80px\" aria-hidden=\"true\" class=\"wp-block-spacer\"><\/div>\n\n\n\n<div class=\"wp-block-columns is-layout-flex wp-container-core-columns-is-layout-9d6595d7 wp-block-columns-is-layout-flex\">\n<div class=\"wp-block-column is-layout-flow wp-block-column-is-layout-flow\" style=\"flex-basis:50%\">\n<h2 class=\"wp-block-heading has-nv-text-dark-bg-color has-text-color\">Deja tu mensaje. Si es en Zapoteco, mejor. <\/h2>\n\n\n\n<p class=\"has-white-color has-text-color\">Escr\u00edbenos a  trav\u00e9s de este formulario<\/p>\n<\/div>\n\n\n\n<div class=\"wp-block-column is-vertically-aligned-center is-layout-flow wp-block-column-is-layout-flow\" style=\"flex-basis:50%\"><div class=\"wpforms-container wpforms-container-full wpforms-block wpforms-block-864ab2b3-e0d9-4aca-8719-b0d8441a2dac\" id=\"wpforms-354\"><form id=\"wpforms-form-354\" class=\"wpforms-validate wpforms-form\" data-formid=\"354\" method=\"post\" enctype=\"multipart\/form-data\" action=\"\/en\/wp-json\/wp\/v2\/pages\/75\" data-token=\"fea860ed2bd5614debf6fa9b5e7fa101\" data-token-time=\"1778198619\"><noscript class=\"wpforms-error-noscript\">Please enable JavaScript in your browser to complete this form.<\/noscript><div class=\"wpforms-field-container\"><div id=\"wpforms-354-field_0-container\" class=\"wpforms-field wpforms-field-name\" data-field-id=\"0\"><label class=\"wpforms-field-label\">Nombre <span class=\"wpforms-required-label\">*<\/span><\/label><div class=\"wpforms-field-row wpforms-field-medium\"><div class=\"wpforms-field-row-block wpforms-first wpforms-one-half\"><input type=\"text\" id=\"wpforms-354-field_0\" class=\"wpforms-field-name-first wpforms-field-required\" name=\"wpforms[fields][0][first]\" required><label for=\"wpforms-354-field_0\" class=\"wpforms-field-sublabel after\">First<\/label><\/div><div class=\"wpforms-field-row-block wpforms-one-half\"><input type=\"text\" id=\"wpforms-354-field_0-last\" class=\"wpforms-field-name-last wpforms-field-required\" name=\"wpforms[fields][0][last]\" required><label for=\"wpforms-354-field_0-last\" class=\"wpforms-field-sublabel after\">Last<\/label><\/div><\/div><\/div><div id=\"wpforms-354-field_1-container\" class=\"wpforms-field wpforms-field-email\" data-field-id=\"1\"><label class=\"wpforms-field-label\" for=\"wpforms-354-field_1\">Correo electr\u00f3nico <span class=\"wpforms-required-label\">*<\/span><\/label><input type=\"email\" id=\"wpforms-354-field_1\" class=\"wpforms-field-medium wpforms-field-required\" name=\"wpforms[fields][1]\" spellcheck=\"false\" required><\/div><div id=\"wpforms-354-field_2-container\" class=\"wpforms-field wpforms-field-textarea\" data-field-id=\"2\"><label class=\"wpforms-field-label\" for=\"wpforms-354-field_2\">Comentario o mensaje <span class=\"wpforms-required-label\">*<\/span><\/label><textarea id=\"wpforms-354-field_2\" class=\"wpforms-field-medium wpforms-field-required\" name=\"wpforms[fields][2]\" required><\/textarea><\/div><\/div><!-- .wpforms-field-container --><div class=\"wpforms-submit-container\" ><input type=\"hidden\" name=\"wpforms[id]\" value=\"354\"><input type=\"hidden\" name=\"page_title\" value=\"\"><input type=\"hidden\" name=\"page_url\" value=\"https:\/\/zapotecoxidza.com\/en\/wp-json\/wp\/v2\/pages\/75\"><input type=\"hidden\" name=\"url_referer\" value=\"\"><button type=\"submit\" name=\"wpforms[submit]\" id=\"wpforms-submit-354\" class=\"wpforms-submit\" data-alt-text=\"Enviando...\" data-submit-text=\"Enviar\" aria-live=\"assertive\" value=\"wpforms-submit\">Enviar<\/button><\/div><\/form><\/div>  <!-- .wpforms-container --><\/div>\n<\/div>\n\n\n\n<div style=\"height:40px\" aria-hidden=\"true\" class=\"wp-block-spacer\"><\/div>\n<\/div><\/div>\n<\/div><\/div>\n","protected":false},"excerpt":{"rendered":"","protected":false},"author":1,"featured_media":727,"parent":0,"menu_order":0,"comment_status":"closed","ping_status":"closed","template":"","meta":{"give_campaign_id":0,"om_disable_all_campaigns":false,"neve_meta_sidebar":"full-width","neve_meta_container":"","neve_meta_enable_content_width":"on","neve_meta_content_width":100,"neve_meta_title_alignment":"","neve_meta_author_avatar":"","neve_post_elements_order":"","neve_meta_disable_header":"","neve_meta_disable_footer":"","neve_meta_disable_title":"on","_themeisle_gutenberg_block_has_review":false,"footnotes":""},"class_list":["post-75","page","type-page","status-publish","has-post-thumbnail","hentry"],"aioseo_notices":[],"campaignId":"","jetpack-related-posts":[{"id":3368,"url":"https:\/\/zapotecoxidza.com\/en\/zapoteco-lengua\/","url_meta":{"origin":75,"position":0},"title":"Zapoteco lengua. Padiuxhi! Gude, guda kieru!","author":"B\u00ebni Xidza","date":"05\/06\/2023","format":false,"excerpt":"Zapoteco lengua. Bienvenido a nuestra tienda digital. Estamos haciendo un esfuerzo por acercarnos a las personas interesadas a conocer la cultura, pero sobre todo a aprender a hablar Zapoteco. B\u00ebni Xidza es un colectivo enfocado en la preservaci\u00f3n, fortalecimiento y revitalizaci\u00f3n del Zapoteco. Nuestro enfoque principal es la ense\u00f1anza del\u2026","rel":"","context":"Similar post","block_context":{"text":"Similar post","link":""},"img":{"alt_text":"Hola en zapoteco","src":"https:\/\/i0.wp.com\/zapotecoxidza.com\/wp-content\/uploads\/2023\/06\/Gulite-gulita-kieru.png?fit=1200%2C832&ssl=1&resize=350%2C200","width":350,"height":200,"srcset":"https:\/\/i0.wp.com\/zapotecoxidza.com\/wp-content\/uploads\/2023\/06\/Gulite-gulita-kieru.png?fit=1200%2C832&ssl=1&resize=350%2C200 1x, https:\/\/i0.wp.com\/zapotecoxidza.com\/wp-content\/uploads\/2023\/06\/Gulite-gulita-kieru.png?fit=1200%2C832&ssl=1&resize=525%2C300 1.5x, https:\/\/i0.wp.com\/zapotecoxidza.com\/wp-content\/uploads\/2023\/06\/Gulite-gulita-kieru.png?fit=1200%2C832&ssl=1&resize=700%2C400 2x, https:\/\/i0.wp.com\/zapotecoxidza.com\/wp-content\/uploads\/2023\/06\/Gulite-gulita-kieru.png?fit=1200%2C832&ssl=1&resize=1050%2C600 3x"},"classes":[]},{"id":307,"url":"https:\/\/zapotecoxidza.com\/en\/","url_meta":{"origin":75,"position":1},"title":"Zapoteco de Oaxaca. Padiuxhi! Un saludo para todos ustedes.","author":"B\u00ebni Xidza","date":"13\/01\/2020","format":false,"excerpt":"Bienvenidos a nuestro territorio digital youtube twitter Discurso en Zapoteco Bienvenidos en Zapoteco se dice gulite, gulita kieru. Gulite, literalmente quiere decir entren, gulita es vengan. Kieru es nuestro. Gulite, gulita kieru en se puede traducir literalmente como \"entren, vengan nuestro\". Es decir; \"entren, vengan a nuestra casa\". Tambi\u00e9n se\u2026","rel":"","context":"Similar post","block_context":{"text":"Similar post","link":""},"img":{"alt_text":"","src":"https:\/\/i0.wp.com\/zapotecoxidza.com\/wp-content\/uploads\/2021\/06\/IMG_0878-scaled.jpeg?resize=350%2C200&ssl=1","width":350,"height":200,"srcset":"https:\/\/i0.wp.com\/zapotecoxidza.com\/wp-content\/uploads\/2021\/06\/IMG_0878-scaled.jpeg?resize=350%2C200&ssl=1 1x, https:\/\/i0.wp.com\/zapotecoxidza.com\/wp-content\/uploads\/2021\/06\/IMG_0878-scaled.jpeg?resize=525%2C300&ssl=1 1.5x, https:\/\/i0.wp.com\/zapotecoxidza.com\/wp-content\/uploads\/2021\/06\/IMG_0878-scaled.jpeg?resize=700%2C400&ssl=1 2x, https:\/\/i0.wp.com\/zapotecoxidza.com\/wp-content\/uploads\/2021\/06\/IMG_0878-scaled.jpeg?resize=1050%2C600&ssl=1 3x, https:\/\/i0.wp.com\/zapotecoxidza.com\/wp-content\/uploads\/2021\/06\/IMG_0878-scaled.jpeg?resize=1400%2C800&ssl=1 4x"},"classes":[]},{"id":71,"url":"https:\/\/zapotecoxidza.com\/en\/revitalizar-el-zapoteco\/","url_meta":{"origin":75,"position":2},"title":"Turuntu","author":"B\u00ebni Xidza","date":"27\/01\/2020","format":false,"excerpt":"Lo que hacemos en Zapoteco Trabajamos diferentes iniciativas encaminadas a revalorar el Zapoteco en particular, y las lenguas ind\u00edgenas en general. Nos enfocamos en el Didza Xidza que se habla en el Rinc\u00f3n de la Sierra Ju\u00e1rez de Oaxaca. https:\/\/www.youtube.com\/watch?v=LoHC-yWQs2s&list=PL_MdZnaD5Rx0vBxUDbkVd6EfncS5mRLJ1&index=5 https:\/\/youtu.be\/PGhpggJaeB0 Nuestro enfoque principal es la ense\u00f1anza de la lengua\u2026","rel":"","context":"Similar post","block_context":{"text":"Similar post","link":""},"img":{"alt_text":"Memes en Zapoteco","src":"https:\/\/i0.wp.com\/zapotecoxidza.com\/wp-content\/uploads\/2021\/06\/WhatsApp-Image-2021-06-25-at-18.20.35.jpeg?resize=350%2C200&ssl=1","width":350,"height":200,"srcset":"https:\/\/i0.wp.com\/zapotecoxidza.com\/wp-content\/uploads\/2021\/06\/WhatsApp-Image-2021-06-25-at-18.20.35.jpeg?resize=350%2C200&ssl=1 1x, https:\/\/i0.wp.com\/zapotecoxidza.com\/wp-content\/uploads\/2021\/06\/WhatsApp-Image-2021-06-25-at-18.20.35.jpeg?resize=525%2C300&ssl=1 1.5x"},"classes":[]},{"id":13254,"url":"https:\/\/zapotecoxidza.com\/en\/becas-para-estudiar-zapoteco\/","url_meta":{"origin":75,"position":3},"title":"Becas para estudiantes de Zapoteco como segunda lengua","author":"B\u00ebni Xidza","date":"11\/06\/2025","format":false,"excerpt":"Ay\u00fadanos a otorgar becas para estudiantes de Zapoteco en el curso del Colectivo B\u00ebni Xidza.","rel":"","context":"Similar post","block_context":{"text":"Similar post","link":""},"img":{"alt_text":"Curso para Aprender Zapoteco, verano 2025","src":"https:\/\/i0.wp.com\/zapotecoxidza.com\/wp-content\/uploads\/2021\/08\/Curso-para-Aprender-Zapoteco-verano-2025.png?fit=1200%2C675&ssl=1&resize=350%2C200","width":350,"height":200,"srcset":"https:\/\/i0.wp.com\/zapotecoxidza.com\/wp-content\/uploads\/2021\/08\/Curso-para-Aprender-Zapoteco-verano-2025.png?fit=1200%2C675&ssl=1&resize=350%2C200 1x, https:\/\/i0.wp.com\/zapotecoxidza.com\/wp-content\/uploads\/2021\/08\/Curso-para-Aprender-Zapoteco-verano-2025.png?fit=1200%2C675&ssl=1&resize=525%2C300 1.5x, https:\/\/i0.wp.com\/zapotecoxidza.com\/wp-content\/uploads\/2021\/08\/Curso-para-Aprender-Zapoteco-verano-2025.png?fit=1200%2C675&ssl=1&resize=700%2C400 2x, https:\/\/i0.wp.com\/zapotecoxidza.com\/wp-content\/uploads\/2021\/08\/Curso-para-Aprender-Zapoteco-verano-2025.png?fit=1200%2C675&ssl=1&resize=1050%2C600 3x"},"classes":[]},{"id":8160,"url":"https:\/\/zapotecoxidza.com\/en\/preguntas-frecuentes-en-zapoteco\/","url_meta":{"origin":75,"position":4},"title":"Preguntas frecuentes en Zapoteco","author":"B\u00ebni Xidza","date":"29\/10\/2024","format":false,"excerpt":"\u00bfQu\u00e9 es el Zapoteco? El Zapoteco es el idioma hablado por los descendientes de la Civilizaci\u00f3n Zapoteca \u00bfEn qu\u00e9 pa\u00edses se habla el Zapoteco? \u00bfD\u00f3nde se habla el Zapoteco en M\u00e9xico? El Zapoteco se habla principalmente en M\u00e9xico, pero hay una poblaci\u00f3n Zapoteca importante en los Estados Unidos. \u00bfQu\u00e9 caracter\u00edsticas\u2026","rel":"","context":"Similar post","block_context":{"text":"Similar post","link":""},"img":{"alt_text":"","src":"","width":0,"height":0},"classes":[]},{"id":61,"url":"https:\/\/zapotecoxidza.com\/en\/zapoteco-de-oaxaca\/","url_meta":{"origin":75,"position":5},"title":"Netuni","author":"B\u00ebni Xidza","date":"23\/01\/2020","format":false,"excerpt":"Zapoteco \u00bfQu\u00e9 es el colectivo B\u00ebni Xidza? Somos activistas digitales en Lenguas Ind\u00edgenas. En este espacio queremos compartir con ustedes nuestro trabajo sobre la revitalizaci\u00f3n y fortalecimiento de la lengua Zapoteca. Nuestro nombre Zapoteco B\u00ebni Xidza es el gentilicio de los Zapotecos del Rinc\u00f3n. El Rinc\u00f3n es una micro regi\u00f3n\u2026","rel":"","context":"Similar post","block_context":{"text":"Similar post","link":""},"img":{"alt_text":"Zapoteco del Rinc\u00f3n","src":"https:\/\/i0.wp.com\/zapotecoxidza.com\/wp-content\/uploads\/2021\/07\/Disen%CC%83o-sin-ti%CC%81tulo-4.png?resize=350%2C200&ssl=1","width":350,"height":200,"srcset":"https:\/\/i0.wp.com\/zapotecoxidza.com\/wp-content\/uploads\/2021\/07\/Disen%CC%83o-sin-ti%CC%81tulo-4.png?resize=350%2C200&ssl=1 1x, https:\/\/i0.wp.com\/zapotecoxidza.com\/wp-content\/uploads\/2021\/07\/Disen%CC%83o-sin-ti%CC%81tulo-4.png?resize=525%2C300&ssl=1 1.5x, https:\/\/i0.wp.com\/zapotecoxidza.com\/wp-content\/uploads\/2021\/07\/Disen%CC%83o-sin-ti%CC%81tulo-4.png?resize=700%2C400&ssl=1 2x, https:\/\/i0.wp.com\/zapotecoxidza.com\/wp-content\/uploads\/2021\/07\/Disen%CC%83o-sin-ti%CC%81tulo-4.png?resize=1050%2C600&ssl=1 3x"},"classes":[]}],"jetpack_shortlink":"https:\/\/wp.me\/PeROO3-1d","jetpack_sharing_enabled":true,"jetpack_likes_enabled":true,"amp_enabled":true,"_links":{"self":[{"href":"https:\/\/zapotecoxidza.com\/en\/wp-json\/wp\/v2\/pages\/75","targetHints":{"allow":["GET"]}}],"collection":[{"href":"https:\/\/zapotecoxidza.com\/en\/wp-json\/wp\/v2\/pages"}],"about":[{"href":"https:\/\/zapotecoxidza.com\/en\/wp-json\/wp\/v2\/types\/page"}],"author":[{"embeddable":true,"href":"https:\/\/zapotecoxidza.com\/en\/wp-json\/wp\/v2\/users\/1"}],"replies":[{"embeddable":true,"href":"https:\/\/zapotecoxidza.com\/en\/wp-json\/wp\/v2\/comments?post=75"}],"version-history":[{"count":25,"href":"https:\/\/zapotecoxidza.com\/en\/wp-json\/wp\/v2\/pages\/75\/revisions"}],"predecessor-version":[{"id":7482,"href":"https:\/\/zapotecoxidza.com\/en\/wp-json\/wp\/v2\/pages\/75\/revisions\/7482"}],"wp:featuredmedia":[{"embeddable":true,"href":"https:\/\/zapotecoxidza.com\/en\/wp-json\/wp\/v2\/media\/727"}],"wp:attachment":[{"href":"https:\/\/zapotecoxidza.com\/en\/wp-json\/wp\/v2\/media?parent=75"}],"curies":[{"name":"wp","href":"https:\/\/api.w.org\/{rel}","templated":true}]}}