{"id":7954,"date":"2024-09-14T15:14:08","date_gmt":"2024-09-14T21:14:08","guid":{"rendered":"https:\/\/zapotecoxidza.com\/mis-cursos\/"},"modified":"2024-09-14T15:14:08","modified_gmt":"2024-09-14T21:14:08","slug":"mis-cursos","status":"publish","type":"page","link":"https:\/\/zapotecoxidza.com\/en\/mis-cursos\/","title":{"rendered":"Mis cursos"},"content":{"rendered":"<div id=\"my-courses\">\n\t\t\t\t\t\t<div class=\"col2-set\" id=\"customer_login\">\n\n\t\t\t\t<div class=\"col-1\">\n\t\t\t\t\t\n<h2>Login<\/h2>\n\n<form method=\"post\" name=\"sensi-login-form\" id=\"loginform\" class=\"login sensei\" action=\"\">\n\n\t\n\t<p class=\"sensei-login-username form-row form-row-wide\">\n\n\t\t\t\t<label for=\"sensei_user_login\">Username or Email <\/label>\n\n\t\t\t\t<input type=\"text\" name=\"log\" id=\"sensei_user_login\" class=\"input input-text\" value=\"\" size=\"20\">\n\n\t<\/p>\n\n\t<p class=\"sensei-login-password form-row form-row-wide\">\n\n\t\t\t\t<label for=\"sensei_user_pass\"> Password  <\/label>\n\n\t\t\t\t<input type=\"password\" name=\"pwd\" id=\"sensei_user_pass\" class=\"input txt text input-text\" value=\"\" size=\"20\">\n\n\t<\/p>\n\n\t\n\t<p class='sensei-login-submit'>\n\n\t\t<input type=\"submit\" class=\"button wp-element-button\" name=\"login\" value=\"Login\" \/>\n\n\t\t<a href=\"https:\/\/zapotecoxidza.com\/en\/mi-cuenta\/lost-password\/\">Lost your password?<\/a>\n\n\t<\/p>\n\n\t<p class='remember_me' >\n\n\t\t<label for=\"rememberme\" class=\"inline\">\n\n\t\t\t<input name=\"rememberme\" type=\"checkbox\" id=\"rememberme\" value=\"forever\" \/> Remember me\n\t\t<\/label>\n\n\t<\/p>\n\n\t\n\t<input type=\"hidden\" id=\"_wpnonce\" name=\"_wpnonce\" value=\"24cb43f9a6\" \/><input type=\"hidden\" name=\"_wp_http_referer\" value=\"\/en\/wp-json\/wp\/v2\/pages\/7954\" \/>\n\t<input type=\"hidden\" name=\"redirect\" value=\"https:\/\/zapotecoxidza.com\/en\/wp-json\/wp\/v2\/pages\/7954\" \/>\n\n\t<input type=\"hidden\" name=\"form\" value=\"sensei-login\" \/>\n\n\t<div class=\"clear\"><\/div>\n\n<input type=\"hidden\" name=\"trp-form-language\" value=\"en\"\/><\/form>\n\n\t\t\t\t<\/div>\n\n\t\t\t\t\t\t<\/div>\n\t\t<\/div>","protected":false},"excerpt":{"rendered":"","protected":false},"author":1,"featured_media":0,"parent":0,"menu_order":0,"comment_status":"closed","ping_status":"closed","template":"","meta":{"give_campaign_id":0,"om_disable_all_campaigns":false,"neve_meta_sidebar":"","neve_meta_container":"","neve_meta_enable_content_width":"","neve_meta_content_width":0,"neve_meta_title_alignment":"","neve_meta_author_avatar":"","neve_post_elements_order":"","neve_meta_disable_header":"","neve_meta_disable_footer":"","neve_meta_disable_title":"","_themeisle_gutenberg_block_has_review":false,"footnotes":""},"class_list":["post-7954","page","type-page","status-publish","hentry"],"aioseo_notices":[],"campaignId":"","jetpack-related-posts":[{"id":7955,"url":"https:\/\/zapotecoxidza.com\/en\/curso-completo\/","url_meta":{"origin":7954,"position":0},"title":"Curso completado","author":"B\u00ebni Xidza","date":"14\/09\/2024","format":false,"excerpt":"\u00a1Enhorabuena por haber completado este curso! \ud83e\udd73Encontrar m\u00e1s cursosView Certificate","rel":"","context":"Similar post","block_context":{"text":"Similar post","link":""},"img":{"alt_text":"","src":"","width":0,"height":0},"classes":[]},{"id":7953,"url":"https:\/\/zapotecoxidza.com\/en\/resumen-cursos\/","url_meta":{"origin":7954,"position":1},"title":"Cursos","author":"B\u00ebni Xidza","date":"14\/09\/2024","format":false,"excerpt":"Empezar el curso Continuar Visitar resultados","rel":"","context":"Similar post","block_context":{"text":"Similar post","link":""},"img":{"alt_text":"","src":"","width":0,"height":0},"classes":[]},{"id":13254,"url":"https:\/\/zapotecoxidza.com\/en\/becas-para-estudiar-zapoteco\/","url_meta":{"origin":7954,"position":2},"title":"Becas para estudiantes de Zapoteco como segunda lengua","author":"B\u00ebni Xidza","date":"11\/06\/2025","format":false,"excerpt":"Ay\u00fadanos a otorgar becas para estudiantes de Zapoteco en el curso del Colectivo B\u00ebni Xidza.","rel":"","context":"Similar post","block_context":{"text":"Similar post","link":""},"img":{"alt_text":"Curso para Aprender Zapoteco, verano 2025","src":"https:\/\/i0.wp.com\/zapotecoxidza.com\/wp-content\/uploads\/2021\/08\/Curso-para-Aprender-Zapoteco-verano-2025.png?fit=1200%2C675&ssl=1&resize=350%2C200","width":350,"height":200,"srcset":"https:\/\/i0.wp.com\/zapotecoxidza.com\/wp-content\/uploads\/2021\/08\/Curso-para-Aprender-Zapoteco-verano-2025.png?fit=1200%2C675&ssl=1&resize=350%2C200 1x, https:\/\/i0.wp.com\/zapotecoxidza.com\/wp-content\/uploads\/2021\/08\/Curso-para-Aprender-Zapoteco-verano-2025.png?fit=1200%2C675&ssl=1&resize=525%2C300 1.5x, https:\/\/i0.wp.com\/zapotecoxidza.com\/wp-content\/uploads\/2021\/08\/Curso-para-Aprender-Zapoteco-verano-2025.png?fit=1200%2C675&ssl=1&resize=700%2C400 2x, https:\/\/i0.wp.com\/zapotecoxidza.com\/wp-content\/uploads\/2021\/08\/Curso-para-Aprender-Zapoteco-verano-2025.png?fit=1200%2C675&ssl=1&resize=1050%2C600 3x"},"classes":[]},{"id":307,"url":"https:\/\/zapotecoxidza.com\/en\/","url_meta":{"origin":7954,"position":3},"title":"Zapoteco de Oaxaca. Padiuxhi! Un saludo para todos ustedes.","author":"B\u00ebni Xidza","date":"13\/01\/2020","format":false,"excerpt":"Bienvenidos a nuestro territorio digital youtube twitter Discurso en Zapoteco Bienvenidos en Zapoteco se dice gulite, gulita kieru. Gulite, literalmente quiere decir entren, gulita es vengan. Kieru es nuestro. Gulite, gulita kieru en se puede traducir literalmente como \"entren, vengan nuestro\". Es decir; \"entren, vengan a nuestra casa\". Tambi\u00e9n se\u2026","rel":"","context":"Similar post","block_context":{"text":"Similar post","link":""},"img":{"alt_text":"","src":"https:\/\/i0.wp.com\/zapotecoxidza.com\/wp-content\/uploads\/2021\/06\/IMG_0878-scaled.jpeg?resize=350%2C200&ssl=1","width":350,"height":200,"srcset":"https:\/\/i0.wp.com\/zapotecoxidza.com\/wp-content\/uploads\/2021\/06\/IMG_0878-scaled.jpeg?resize=350%2C200&ssl=1 1x, https:\/\/i0.wp.com\/zapotecoxidza.com\/wp-content\/uploads\/2021\/06\/IMG_0878-scaled.jpeg?resize=525%2C300&ssl=1 1.5x, https:\/\/i0.wp.com\/zapotecoxidza.com\/wp-content\/uploads\/2021\/06\/IMG_0878-scaled.jpeg?resize=700%2C400&ssl=1 2x, https:\/\/i0.wp.com\/zapotecoxidza.com\/wp-content\/uploads\/2021\/06\/IMG_0878-scaled.jpeg?resize=1050%2C600&ssl=1 3x, https:\/\/i0.wp.com\/zapotecoxidza.com\/wp-content\/uploads\/2021\/06\/IMG_0878-scaled.jpeg?resize=1400%2C800&ssl=1 4x"},"classes":[]},{"id":3368,"url":"https:\/\/zapotecoxidza.com\/en\/zapoteco-lengua\/","url_meta":{"origin":7954,"position":4},"title":"Zapoteco lengua. Padiuxhi! Gude, guda kieru!","author":"B\u00ebni Xidza","date":"05\/06\/2023","format":false,"excerpt":"Zapoteco lengua. Bienvenido a nuestra tienda digital. Estamos haciendo un esfuerzo por acercarnos a las personas interesadas a conocer la cultura, pero sobre todo a aprender a hablar Zapoteco. B\u00ebni Xidza es un colectivo enfocado en la preservaci\u00f3n, fortalecimiento y revitalizaci\u00f3n del Zapoteco. Nuestro enfoque principal es la ense\u00f1anza del\u2026","rel":"","context":"Similar post","block_context":{"text":"Similar post","link":""},"img":{"alt_text":"Hola en zapoteco","src":"https:\/\/i0.wp.com\/zapotecoxidza.com\/wp-content\/uploads\/2023\/06\/Gulite-gulita-kieru.png?fit=1200%2C832&ssl=1&resize=350%2C200","width":350,"height":200,"srcset":"https:\/\/i0.wp.com\/zapotecoxidza.com\/wp-content\/uploads\/2023\/06\/Gulite-gulita-kieru.png?fit=1200%2C832&ssl=1&resize=350%2C200 1x, https:\/\/i0.wp.com\/zapotecoxidza.com\/wp-content\/uploads\/2023\/06\/Gulite-gulita-kieru.png?fit=1200%2C832&ssl=1&resize=525%2C300 1.5x, https:\/\/i0.wp.com\/zapotecoxidza.com\/wp-content\/uploads\/2023\/06\/Gulite-gulita-kieru.png?fit=1200%2C832&ssl=1&resize=700%2C400 2x, https:\/\/i0.wp.com\/zapotecoxidza.com\/wp-content\/uploads\/2023\/06\/Gulite-gulita-kieru.png?fit=1200%2C832&ssl=1&resize=1050%2C600 3x"},"classes":[]},{"id":71,"url":"https:\/\/zapotecoxidza.com\/en\/revitalizar-el-zapoteco\/","url_meta":{"origin":7954,"position":5},"title":"Turuntu","author":"B\u00ebni Xidza","date":"27\/01\/2020","format":false,"excerpt":"Lo que hacemos en Zapoteco Trabajamos diferentes iniciativas encaminadas a revalorar el Zapoteco en particular, y las lenguas ind\u00edgenas en general. Nos enfocamos en el Didza Xidza que se habla en el Rinc\u00f3n de la Sierra Ju\u00e1rez de Oaxaca. https:\/\/www.youtube.com\/watch?v=LoHC-yWQs2s&list=PL_MdZnaD5Rx0vBxUDbkVd6EfncS5mRLJ1&index=5 https:\/\/youtu.be\/PGhpggJaeB0 Nuestro enfoque principal es la ense\u00f1anza de la lengua\u2026","rel":"","context":"Similar post","block_context":{"text":"Similar post","link":""},"img":{"alt_text":"Memes en Zapoteco","src":"https:\/\/i0.wp.com\/zapotecoxidza.com\/wp-content\/uploads\/2021\/06\/WhatsApp-Image-2021-06-25-at-18.20.35.jpeg?resize=350%2C200&ssl=1","width":350,"height":200,"srcset":"https:\/\/i0.wp.com\/zapotecoxidza.com\/wp-content\/uploads\/2021\/06\/WhatsApp-Image-2021-06-25-at-18.20.35.jpeg?resize=350%2C200&ssl=1 1x, https:\/\/i0.wp.com\/zapotecoxidza.com\/wp-content\/uploads\/2021\/06\/WhatsApp-Image-2021-06-25-at-18.20.35.jpeg?resize=525%2C300&ssl=1 1.5x"},"classes":[]}],"jetpack_shortlink":"https:\/\/wp.me\/PeROO3-24i","jetpack_sharing_enabled":true,"jetpack_likes_enabled":true,"amp_enabled":true,"_links":{"self":[{"href":"https:\/\/zapotecoxidza.com\/en\/wp-json\/wp\/v2\/pages\/7954","targetHints":{"allow":["GET"]}}],"collection":[{"href":"https:\/\/zapotecoxidza.com\/en\/wp-json\/wp\/v2\/pages"}],"about":[{"href":"https:\/\/zapotecoxidza.com\/en\/wp-json\/wp\/v2\/types\/page"}],"author":[{"embeddable":true,"href":"https:\/\/zapotecoxidza.com\/en\/wp-json\/wp\/v2\/users\/1"}],"replies":[{"embeddable":true,"href":"https:\/\/zapotecoxidza.com\/en\/wp-json\/wp\/v2\/comments?post=7954"}],"version-history":[{"count":1,"href":"https:\/\/zapotecoxidza.com\/en\/wp-json\/wp\/v2\/pages\/7954\/revisions"}],"predecessor-version":[{"id":8145,"href":"https:\/\/zapotecoxidza.com\/en\/wp-json\/wp\/v2\/pages\/7954\/revisions\/8145"}],"wp:attachment":[{"href":"https:\/\/zapotecoxidza.com\/en\/wp-json\/wp\/v2\/media?parent=7954"}],"curies":[{"name":"wp","href":"https:\/\/api.w.org\/{rel}","templated":true}]}}