{"id":8160,"date":"2024-10-29T23:07:33","date_gmt":"2024-10-30T05:07:33","guid":{"rendered":"https:\/\/zapotecoxidza.com\/?page_id=8160"},"modified":"2024-11-14T16:48:21","modified_gmt":"2024-11-14T22:48:21","slug":"preguntas-frecuentes-en-zapoteco","status":"publish","type":"page","link":"https:\/\/zapotecoxidza.com\/en\/preguntas-frecuentes-en-zapoteco\/","title":{"rendered":"Preguntas frecuentes en Zapoteco"},"content":{"rendered":"<h2 class=\"wp-block-heading\">\u00bfQu\u00e9 es el Zapoteco?<\/h2>\n\n\n\n<p>El Zapoteco es el idioma hablado por los descendientes de la Civilizaci\u00f3n Zapoteca<\/p>\n\n\n\n<h2 class=\"wp-block-heading\">\u00bfEn qu\u00e9 pa\u00edses se habla el Zapoteco? \u00bfD\u00f3nde se habla el Zapoteco en M\u00e9xico?<\/h2>\n\n\n\n<p>El Zapoteco se habla principalmente en M\u00e9xico, pero hay <a href=\"https:\/\/youtube.com\/live\/O7ryK2qJfok\" target=\"_blank\" rel=\"noopener\" title=\"\">una poblaci\u00f3n Zapoteca importante en los Estados Unidos.<\/a><\/p>\n\n\n\n<h2 class=\"wp-block-heading\">\u00bfQu\u00e9 caracter\u00edsticas tiene la cultura Zapoteca?<\/h2>\n\n\n\n<ul class=\"wp-block-list\">\n<li>Es una cultura mesoamericana<\/li>\n\n\n\n<li>Tuvo su esplendor en la Ciudad Estado de Monte Alb\u00e1n, en el Valle de Oaxaca<\/li>\n<\/ul>\n\n\n\n<h2 class=\"wp-block-heading\">\u00bfCu\u00e1l es el origen de la lengua Zapoteca? \u00bfD\u00f3nde se ubican los Zapotecos?<\/h2>\n\n\n\n<p>La <a href=\"https:\/\/zapotecoxidza.com\/en\/zapoteco-del-rincon-es-zar\/\" target=\"_blank\" rel=\"noopener\" title=\"DIDZA XIDZA: Zapoteco del Rinc\u00f3n en la Sierra Norte\">lengua Zapoteca<\/a> tiene su origen en los Valles Centrales de Oaxaca. Posteriormente se dispers\u00f3 a otras regiones del estado, dentro de M\u00e9xico y a los Estados Unidos.<\/p>\n\n\n\n<h2 class=\"wp-block-heading\">\u00bfEl Zapoteco es una lengua escrita?<\/h2>\n\n\n\n<p>S\u00ed, en el siguiente art\u00edculo te comparto m\u00e1s informaci\u00f3n sobre la Escritura Zapoteca<\/p>\n\n\n\n<figure class=\"wp-block-embed is-type-wp-embed is-provider-b-ni-xidza wp-block-embed-b-ni-xidza\"><div class=\"wp-block-embed__wrapper\">\n<blockquote class=\"wp-embedded-content\" data-secret=\"iwoOqxAaWr\"><a href=\"https:\/\/zapotecoxidza.com\/en\/escritura-zapoteca\/\">La  Escritura Zapoteca a trav\u00e9s de la historia<\/a><\/blockquote><iframe loading=\"lazy\" class=\"wp-embedded-content\" sandbox=\"allow-scripts\" security=\"restricted\" style=\"position: absolute; visibility: hidden;\" title=\"\u00abLa  Escritura Zapoteca a trav\u00e9s de la historia\u00bb \u2014 B\u00ebni Xidza\" src=\"https:\/\/zapotecoxidza.com\/escritura-zapoteca\/embed\/#?secret=N7lsu18PjT#?secret=iwoOqxAaWr\" data-secret=\"iwoOqxAaWr\" width=\"600\" height=\"338\" frameborder=\"0\" marginwidth=\"0\" marginheight=\"0\" scrolling=\"no\"><\/iframe>\n<\/div><\/figure>","protected":false},"excerpt":{"rendered":"<p>\u00bfQu\u00e9 es el Zapoteco? El Zapoteco es el idioma hablado por los descendientes de la Civilizaci\u00f3n Zapoteca \u00bfEn qu\u00e9 pa\u00edses se habla el Zapoteco? \u00bfD\u00f3nde se habla el Zapoteco en M\u00e9xico? El Zapoteco se habla principalmente en M\u00e9xico, pero hay una poblaci\u00f3n Zapoteca importante en los Estados Unidos. \u00bfQu\u00e9 caracter\u00edsticas tiene la cultura Zapoteca? \u00bfCu\u00e1l&hellip;&nbsp;<a href=\"https:\/\/zapotecoxidza.com\/en\/preguntas-frecuentes-en-zapoteco\/\" rel=\"bookmark\">Read More &raquo;<span class=\"screen-reader-text\">Preguntas frecuentes en Zapoteco<\/span><\/a><\/p>","protected":false},"author":1,"featured_media":0,"parent":0,"menu_order":0,"comment_status":"closed","ping_status":"closed","template":"","meta":{"give_campaign_id":0,"om_disable_all_campaigns":false,"neve_meta_sidebar":"","neve_meta_container":"","neve_meta_enable_content_width":"","neve_meta_content_width":0,"neve_meta_title_alignment":"","neve_meta_author_avatar":"","neve_post_elements_order":"","neve_meta_disable_header":"","neve_meta_disable_footer":"","neve_meta_disable_title":"","_themeisle_gutenberg_block_has_review":false,"footnotes":""},"class_list":["post-8160","page","type-page","status-publish","hentry"],"aioseo_notices":[],"campaignId":"","jetpack-related-posts":[{"id":3368,"url":"https:\/\/zapotecoxidza.com\/en\/zapoteco-lengua\/","url_meta":{"origin":8160,"position":0},"title":"Zapoteco lengua. Padiuxhi! Gude, guda kieru!","author":"B\u00ebni Xidza","date":"05\/06\/2023","format":false,"excerpt":"Zapoteco lengua. Bienvenido a nuestra tienda digital. Estamos haciendo un esfuerzo por acercarnos a las personas interesadas a conocer la cultura, pero sobre todo a aprender a hablar Zapoteco. B\u00ebni Xidza es un colectivo enfocado en la preservaci\u00f3n, fortalecimiento y revitalizaci\u00f3n del Zapoteco. Nuestro enfoque principal es la ense\u00f1anza del\u2026","rel":"","context":"Similar post","block_context":{"text":"Similar post","link":""},"img":{"alt_text":"Hola en zapoteco","src":"https:\/\/i0.wp.com\/zapotecoxidza.com\/wp-content\/uploads\/2023\/06\/Gulite-gulita-kieru.png?fit=1200%2C832&ssl=1&resize=350%2C200","width":350,"height":200,"srcset":"https:\/\/i0.wp.com\/zapotecoxidza.com\/wp-content\/uploads\/2023\/06\/Gulite-gulita-kieru.png?fit=1200%2C832&ssl=1&resize=350%2C200 1x, https:\/\/i0.wp.com\/zapotecoxidza.com\/wp-content\/uploads\/2023\/06\/Gulite-gulita-kieru.png?fit=1200%2C832&ssl=1&resize=525%2C300 1.5x, https:\/\/i0.wp.com\/zapotecoxidza.com\/wp-content\/uploads\/2023\/06\/Gulite-gulita-kieru.png?fit=1200%2C832&ssl=1&resize=700%2C400 2x, https:\/\/i0.wp.com\/zapotecoxidza.com\/wp-content\/uploads\/2023\/06\/Gulite-gulita-kieru.png?fit=1200%2C832&ssl=1&resize=1050%2C600 3x"},"classes":[]},{"id":307,"url":"https:\/\/zapotecoxidza.com\/en\/","url_meta":{"origin":8160,"position":1},"title":"Zapoteco de Oaxaca. Padiuxhi! Un saludo para todos ustedes.","author":"B\u00ebni Xidza","date":"13\/01\/2020","format":false,"excerpt":"Bienvenidos a nuestro territorio digital youtube twitter Discurso en Zapoteco Bienvenidos en Zapoteco se dice gulite, gulita kieru. Gulite, literalmente quiere decir entren, gulita es vengan. Kieru es nuestro. Gulite, gulita kieru en se puede traducir literalmente como \"entren, vengan nuestro\". Es decir; \"entren, vengan a nuestra casa\". Tambi\u00e9n se\u2026","rel":"","context":"Similar post","block_context":{"text":"Similar post","link":""},"img":{"alt_text":"","src":"https:\/\/i0.wp.com\/zapotecoxidza.com\/wp-content\/uploads\/2021\/06\/IMG_0878-scaled.jpeg?resize=350%2C200&ssl=1","width":350,"height":200,"srcset":"https:\/\/i0.wp.com\/zapotecoxidza.com\/wp-content\/uploads\/2021\/06\/IMG_0878-scaled.jpeg?resize=350%2C200&ssl=1 1x, https:\/\/i0.wp.com\/zapotecoxidza.com\/wp-content\/uploads\/2021\/06\/IMG_0878-scaled.jpeg?resize=525%2C300&ssl=1 1.5x, https:\/\/i0.wp.com\/zapotecoxidza.com\/wp-content\/uploads\/2021\/06\/IMG_0878-scaled.jpeg?resize=700%2C400&ssl=1 2x, https:\/\/i0.wp.com\/zapotecoxidza.com\/wp-content\/uploads\/2021\/06\/IMG_0878-scaled.jpeg?resize=1050%2C600&ssl=1 3x, https:\/\/i0.wp.com\/zapotecoxidza.com\/wp-content\/uploads\/2021\/06\/IMG_0878-scaled.jpeg?resize=1400%2C800&ssl=1 4x"},"classes":[]},{"id":71,"url":"https:\/\/zapotecoxidza.com\/en\/revitalizar-el-zapoteco\/","url_meta":{"origin":8160,"position":2},"title":"Turuntu","author":"B\u00ebni Xidza","date":"27\/01\/2020","format":false,"excerpt":"Lo que hacemos en Zapoteco Trabajamos diferentes iniciativas encaminadas a revalorar el Zapoteco en particular, y las lenguas ind\u00edgenas en general. Nos enfocamos en el Didza Xidza que se habla en el Rinc\u00f3n de la Sierra Ju\u00e1rez de Oaxaca. https:\/\/www.youtube.com\/watch?v=LoHC-yWQs2s&list=PL_MdZnaD5Rx0vBxUDbkVd6EfncS5mRLJ1&index=5 https:\/\/youtu.be\/PGhpggJaeB0 Nuestro enfoque principal es la ense\u00f1anza de la lengua\u2026","rel":"","context":"Similar post","block_context":{"text":"Similar post","link":""},"img":{"alt_text":"Memes en Zapoteco","src":"https:\/\/i0.wp.com\/zapotecoxidza.com\/wp-content\/uploads\/2021\/06\/WhatsApp-Image-2021-06-25-at-18.20.35.jpeg?resize=350%2C200&ssl=1","width":350,"height":200,"srcset":"https:\/\/i0.wp.com\/zapotecoxidza.com\/wp-content\/uploads\/2021\/06\/WhatsApp-Image-2021-06-25-at-18.20.35.jpeg?resize=350%2C200&ssl=1 1x, https:\/\/i0.wp.com\/zapotecoxidza.com\/wp-content\/uploads\/2021\/06\/WhatsApp-Image-2021-06-25-at-18.20.35.jpeg?resize=525%2C300&ssl=1 1.5x"},"classes":[]},{"id":61,"url":"https:\/\/zapotecoxidza.com\/en\/zapoteco-de-oaxaca\/","url_meta":{"origin":8160,"position":3},"title":"Netuni","author":"B\u00ebni Xidza","date":"23\/01\/2020","format":false,"excerpt":"Zapoteco \u00bfQu\u00e9 es el colectivo B\u00ebni Xidza? Somos activistas digitales en Lenguas Ind\u00edgenas. En este espacio queremos compartir con ustedes nuestro trabajo sobre la revitalizaci\u00f3n y fortalecimiento de la lengua Zapoteca. Nuestro nombre Zapoteco B\u00ebni Xidza es el gentilicio de los Zapotecos del Rinc\u00f3n. El Rinc\u00f3n es una micro regi\u00f3n\u2026","rel":"","context":"Similar post","block_context":{"text":"Similar post","link":""},"img":{"alt_text":"Zapoteco del Rinc\u00f3n","src":"https:\/\/i0.wp.com\/zapotecoxidza.com\/wp-content\/uploads\/2021\/07\/Disen%CC%83o-sin-ti%CC%81tulo-4.png?resize=350%2C200&ssl=1","width":350,"height":200,"srcset":"https:\/\/i0.wp.com\/zapotecoxidza.com\/wp-content\/uploads\/2021\/07\/Disen%CC%83o-sin-ti%CC%81tulo-4.png?resize=350%2C200&ssl=1 1x, https:\/\/i0.wp.com\/zapotecoxidza.com\/wp-content\/uploads\/2021\/07\/Disen%CC%83o-sin-ti%CC%81tulo-4.png?resize=525%2C300&ssl=1 1.5x, https:\/\/i0.wp.com\/zapotecoxidza.com\/wp-content\/uploads\/2021\/07\/Disen%CC%83o-sin-ti%CC%81tulo-4.png?resize=700%2C400&ssl=1 2x, https:\/\/i0.wp.com\/zapotecoxidza.com\/wp-content\/uploads\/2021\/07\/Disen%CC%83o-sin-ti%CC%81tulo-4.png?resize=1050%2C600&ssl=1 3x"},"classes":[]},{"id":827,"url":"https:\/\/zapotecoxidza.com\/en\/zapotec\/","url_meta":{"origin":8160,"position":4},"title":"ZAPOTECO","author":"B\u00ebni Xidza","date":"14\/08\/2021","format":false,"excerpt":"","rel":"","context":"Similar post","block_context":{"text":"Similar post","link":""},"img":{"alt_text":"Zapoteco","src":"https:\/\/i0.wp.com\/zapotecoxidza.com\/wp-content\/uploads\/2021\/06\/Sin-ti%CC%81tulo-1.png?fit=1200%2C1200&ssl=1&resize=350%2C200","width":350,"height":200,"srcset":"https:\/\/i0.wp.com\/zapotecoxidza.com\/wp-content\/uploads\/2021\/06\/Sin-ti%CC%81tulo-1.png?fit=1200%2C1200&ssl=1&resize=350%2C200 1x, https:\/\/i0.wp.com\/zapotecoxidza.com\/wp-content\/uploads\/2021\/06\/Sin-ti%CC%81tulo-1.png?fit=1200%2C1200&ssl=1&resize=525%2C300 1.5x, https:\/\/i0.wp.com\/zapotecoxidza.com\/wp-content\/uploads\/2021\/06\/Sin-ti%CC%81tulo-1.png?fit=1200%2C1200&ssl=1&resize=700%2C400 2x, https:\/\/i0.wp.com\/zapotecoxidza.com\/wp-content\/uploads\/2021\/06\/Sin-ti%CC%81tulo-1.png?fit=1200%2C1200&ssl=1&resize=1050%2C600 3x"},"classes":[]},{"id":13254,"url":"https:\/\/zapotecoxidza.com\/en\/becas-para-estudiar-zapoteco\/","url_meta":{"origin":8160,"position":5},"title":"Becas para estudiantes de Zapoteco como segunda lengua","author":"B\u00ebni Xidza","date":"11\/06\/2025","format":false,"excerpt":"Ay\u00fadanos a otorgar becas para estudiantes de Zapoteco en el curso del Colectivo B\u00ebni Xidza.","rel":"","context":"Similar post","block_context":{"text":"Similar post","link":""},"img":{"alt_text":"Curso para Aprender Zapoteco, verano 2025","src":"https:\/\/i0.wp.com\/zapotecoxidza.com\/wp-content\/uploads\/2021\/08\/Curso-para-Aprender-Zapoteco-verano-2025.png?fit=1200%2C675&ssl=1&resize=350%2C200","width":350,"height":200,"srcset":"https:\/\/i0.wp.com\/zapotecoxidza.com\/wp-content\/uploads\/2021\/08\/Curso-para-Aprender-Zapoteco-verano-2025.png?fit=1200%2C675&ssl=1&resize=350%2C200 1x, https:\/\/i0.wp.com\/zapotecoxidza.com\/wp-content\/uploads\/2021\/08\/Curso-para-Aprender-Zapoteco-verano-2025.png?fit=1200%2C675&ssl=1&resize=525%2C300 1.5x, https:\/\/i0.wp.com\/zapotecoxidza.com\/wp-content\/uploads\/2021\/08\/Curso-para-Aprender-Zapoteco-verano-2025.png?fit=1200%2C675&ssl=1&resize=700%2C400 2x, https:\/\/i0.wp.com\/zapotecoxidza.com\/wp-content\/uploads\/2021\/08\/Curso-para-Aprender-Zapoteco-verano-2025.png?fit=1200%2C675&ssl=1&resize=1050%2C600 3x"},"classes":[]}],"jetpack_shortlink":"https:\/\/wp.me\/PeROO3-27C","jetpack_sharing_enabled":true,"jetpack_likes_enabled":true,"amp_enabled":true,"_links":{"self":[{"href":"https:\/\/zapotecoxidza.com\/en\/wp-json\/wp\/v2\/pages\/8160","targetHints":{"allow":["GET"]}}],"collection":[{"href":"https:\/\/zapotecoxidza.com\/en\/wp-json\/wp\/v2\/pages"}],"about":[{"href":"https:\/\/zapotecoxidza.com\/en\/wp-json\/wp\/v2\/types\/page"}],"author":[{"embeddable":true,"href":"https:\/\/zapotecoxidza.com\/en\/wp-json\/wp\/v2\/users\/1"}],"replies":[{"embeddable":true,"href":"https:\/\/zapotecoxidza.com\/en\/wp-json\/wp\/v2\/comments?post=8160"}],"version-history":[{"count":4,"href":"https:\/\/zapotecoxidza.com\/en\/wp-json\/wp\/v2\/pages\/8160\/revisions"}],"predecessor-version":[{"id":10703,"href":"https:\/\/zapotecoxidza.com\/en\/wp-json\/wp\/v2\/pages\/8160\/revisions\/10703"}],"wp:attachment":[{"href":"https:\/\/zapotecoxidza.com\/en\/wp-json\/wp\/v2\/media?parent=8160"}],"curies":[{"name":"wp","href":"https:\/\/api.w.org\/{rel}","templated":true}]}}