{"id":7755,"date":"2024-07-18T17:01:53","date_gmt":"2024-07-18T23:01:53","guid":{"rendered":"https:\/\/zapotecoxidza.com\/?post_type=product&#038;p=7755"},"modified":"2025-02-26T09:34:10","modified_gmt":"2025-02-26T15:34:10","slug":"zapotec-language-dictionary","status":"publish","type":"product","link":"https:\/\/zapotecoxidza.com\/en\/product\/zapotec-language-dictionary\/","title":{"rendered":"Zapotec language dictionary: verb conjugations"},"content":{"rendered":"<p>Zapotec Language Dictionary is a Verb conjugation book in Zapotec published in 2015.<\/p>\n<p>It consists of 300 pages where you will find tables of verbal conjugations in different tenses and aspects of the <a href=\"https:\/\/zapotecoxidza.com\/zapoteco-del-rincon-es-zar\/\">Zapotec language<\/a>.<\/p>\n<p>The authors are Pablo Merne SVD and Raymundo Cruz Miguel.<\/p>\n<p>They dedicated themselves for several years to compiling a word bank in Zapotec.<\/p>\n<p>And subsequently to its systematization and analysis.<\/p>\n<p>In this video we share other details about the Zapotec Language Dictionary<\/p>\n<div class=\"nv-iframe-embed\"><iframe loading=\"lazy\" title=\"DICCIONARIO ZAPOTECO\" width=\"1200\" height=\"675\" src=\"https:\/\/www.youtube.com\/embed\/yjLHEBXPNW4?feature=oembed&#038;enablejsapi=1&#038;origin=https:\/\/zapotecoxidza.com\/en\" frameborder=\"0\" allow=\"accelerometer; autoplay; clipboard-write; encrypted-media; gyroscope; picture-in-picture; web-share\" referrerpolicy=\"strict-origin-when-cross-origin\" allowfullscreen><\/iframe><\/div>\n<h2>How to get the Zapotec language dictionary?<\/h2>\n<p>This book is for physical sale only.<\/p>\n<p>The cost shown on this page does not include shipping.<\/p>\n<p>The cost will vary depending on where you are.<\/p>\n<p>We can ship to almost all countries in the world.<\/p>\n<p>If you are living in Oaxaca city we can deliver it to you personally at no extra cost.<\/p>\n<p>If you live in another city you will have to cover the shipping cost.<\/p>\n<p>This Zapotec Language Dictionary can be useful to <a href=\"https:\/\/zapotecoxidza.com\/learn-zapotec-classes\/\">learn Zapotec<\/a>.<\/p>\n<p>Also to consult the meaning of certain words.<\/p>\n<p>But mainly to understand the grammatical rules used for the verb conjugations in Zapotec.<\/p>\n<p>You can also purchase the Zapotec Dictionary on Amazon <a href=\"https:\/\/a.co\/d\/2iwFAtu\">https:\/\/a.co\/d\/2iwFAtu<\/a><\/p>\n<p>To learn to speak this language, we invite you to our <a href=\"https:\/\/zapotecoxidza.com\/the-zapotec-language-classes-online\/\">Zapotec course for beginners<\/a>.<\/p>\n<p>We teach Zapotec as a second language to interested people.<\/p>\n<p>You can also schedule your <a href=\"https:\/\/zapotecoxidza.com\/producto\/clases-de-zapoteco\/\">private classes<\/a> with a personalized study plan.<\/p>\n<p>If you require a translation of texts from Spanish to Zapotec, from Zapotec to Spanish or from English to Zapotec, we invite you to discover our <a href=\"https:\/\/zapotecoxidza.com\/producto\/zapotec-language-translator\/\">translation service in Zapotec.<\/a><\/p>\n<p>We are currently creating a Zapotec dictionary language online.<\/p>\n<p>It has few entries by now, but the idea is to increase them in the long term.<\/p>\n<p>To create this Zapotec dictionary we are using the living tongues platform.<\/p>\n<p><a href=\"https:\/\/livingdictionaries.app\/zapotec\">https:\/\/livingdictionaries.app\/zapotec<\/a><\/p>\n<figure id=\"attachment_7758\" aria-describedby=\"caption-attachment-7758\" style=\"width: 300px\" class=\"wp-caption alignnone\"><img data-recalc-dims=\"1\" loading=\"lazy\" decoding=\"async\" data-attachment-id=\"7758\" data-permalink=\"https:\/\/zapotecoxidza.com\/en\/?attachment_id=7758\" data-orig-file=\"https:\/\/i0.wp.com\/zapotecoxidza.com\/wp-content\/uploads\/2024\/07\/Zapotec-language-dictionary.png?fit=1586%2C984&amp;ssl=1\" data-orig-size=\"1586,984\" data-comments-opened=\"1\" data-image-meta=\"{&quot;aperture&quot;:&quot;0&quot;,&quot;credit&quot;:&quot;&quot;,&quot;camera&quot;:&quot;&quot;,&quot;caption&quot;:&quot;&quot;,&quot;created_timestamp&quot;:&quot;0&quot;,&quot;copyright&quot;:&quot;&quot;,&quot;focal_length&quot;:&quot;0&quot;,&quot;iso&quot;:&quot;0&quot;,&quot;shutter_speed&quot;:&quot;0&quot;,&quot;title&quot;:&quot;&quot;,&quot;orientation&quot;:&quot;0&quot;}\" data-image-title=\"Zapotec language dictionary\" data-image-description=\"&lt;p&gt;Zapotec language dictionary&lt;\/p&gt;\n\" data-image-caption=\"&lt;p&gt;Zapotec language dictionary&lt;\/p&gt;\n\" data-large-file=\"https:\/\/i0.wp.com\/zapotecoxidza.com\/wp-content\/uploads\/2024\/07\/Zapotec-language-dictionary.png?fit=1024%2C635&amp;ssl=1\" class=\"size-medium wp-image-7758\" src=\"https:\/\/i0.wp.com\/zapotecoxidza.com\/wp-content\/uploads\/2024\/07\/Zapotec-language-dictionary.png?resize=300%2C186&#038;ssl=1\" alt=\"Zapotec language dictionary\" width=\"300\" height=\"186\" srcset=\"https:\/\/i0.wp.com\/zapotecoxidza.com\/wp-content\/uploads\/2024\/07\/Zapotec-language-dictionary.png?resize=300%2C186&amp;ssl=1 300w, https:\/\/i0.wp.com\/zapotecoxidza.com\/wp-content\/uploads\/2024\/07\/Zapotec-language-dictionary.png?resize=1024%2C635&amp;ssl=1 1024w, https:\/\/i0.wp.com\/zapotecoxidza.com\/wp-content\/uploads\/2024\/07\/Zapotec-language-dictionary.png?resize=768%2C476&amp;ssl=1 768w, https:\/\/i0.wp.com\/zapotecoxidza.com\/wp-content\/uploads\/2024\/07\/Zapotec-language-dictionary.png?resize=1536%2C953&amp;ssl=1 1536w, https:\/\/i0.wp.com\/zapotecoxidza.com\/wp-content\/uploads\/2024\/07\/Zapotec-language-dictionary.png?resize=1320%2C819&amp;ssl=1 1320w, https:\/\/i0.wp.com\/zapotecoxidza.com\/wp-content\/uploads\/2024\/07\/Zapotec-language-dictionary.png?resize=600%2C372&amp;ssl=1 600w, https:\/\/i0.wp.com\/zapotecoxidza.com\/wp-content\/uploads\/2024\/07\/Zapotec-language-dictionary.png?w=1586&amp;ssl=1 1586w\" sizes=\"auto, (max-width: 300px) 100vw, 300px\" \/><figcaption id=\"caption-attachment-7758\" class=\"wp-caption-text\">Zapotec language dictionary<\/figcaption><\/figure>\n<p>For more information you can contact us through this form.<\/p>\n<div class=\"wpforms-container wpforms-container-full\" id=\"wpforms-354\"><form id=\"wpforms-form-354\" class=\"wpforms-validate wpforms-form\" data-formid=\"354\" method=\"post\" enctype=\"multipart\/form-data\" action=\"\/en\/wp-json\/wp\/v2\/product\/7755\" data-token=\"fea860ed2bd5614debf6fa9b5e7fa101\" data-token-time=\"1778201865\"><noscript class=\"wpforms-error-noscript\">Please enable JavaScript in your browser to complete this form.<\/noscript><div class=\"wpforms-field-container\"><div id=\"wpforms-354-field_0-container\" class=\"wpforms-field wpforms-field-name\" data-field-id=\"0\"><label class=\"wpforms-field-label\">Nombre <span class=\"wpforms-required-label\">*<\/span><\/label><div class=\"wpforms-field-row wpforms-field-medium\"><div class=\"wpforms-field-row-block wpforms-first wpforms-one-half\"><input type=\"text\" id=\"wpforms-354-field_0\" class=\"wpforms-field-name-first wpforms-field-required\" name=\"wpforms[fields][0][first]\" required><label for=\"wpforms-354-field_0\" class=\"wpforms-field-sublabel after\">First<\/label><\/div><div class=\"wpforms-field-row-block wpforms-one-half\"><input type=\"text\" id=\"wpforms-354-field_0-last\" class=\"wpforms-field-name-last wpforms-field-required\" name=\"wpforms[fields][0][last]\" required><label for=\"wpforms-354-field_0-last\" class=\"wpforms-field-sublabel after\">Last<\/label><\/div><\/div><\/div><div id=\"wpforms-354-field_1-container\" class=\"wpforms-field wpforms-field-email\" data-field-id=\"1\"><label class=\"wpforms-field-label\" for=\"wpforms-354-field_1\">Correo electr\u00f3nico <span class=\"wpforms-required-label\">*<\/span><\/label><input type=\"email\" id=\"wpforms-354-field_1\" class=\"wpforms-field-medium wpforms-field-required\" name=\"wpforms[fields][1]\" spellcheck=\"false\" required><\/div><div id=\"wpforms-354-field_2-container\" class=\"wpforms-field wpforms-field-textarea\" data-field-id=\"2\"><label class=\"wpforms-field-label\" for=\"wpforms-354-field_2\">Comentario o mensaje <span class=\"wpforms-required-label\">*<\/span><\/label><textarea id=\"wpforms-354-field_2\" class=\"wpforms-field-medium wpforms-field-required\" name=\"wpforms[fields][2]\" required><\/textarea><\/div><\/div><!-- .wpforms-field-container --><div class=\"wpforms-submit-container\" ><input type=\"hidden\" name=\"wpforms[id]\" value=\"354\"><input type=\"hidden\" name=\"page_title\" value=\"\"><input type=\"hidden\" name=\"page_url\" value=\"https:\/\/zapotecoxidza.com\/en\/wp-json\/wp\/v2\/product\/7755\"><input type=\"hidden\" name=\"url_referer\" value=\"\"><button type=\"submit\" name=\"wpforms[submit]\" id=\"wpforms-submit-354\" class=\"wpforms-submit\" data-alt-text=\"Enviando...\" data-submit-text=\"Enviar\" aria-live=\"assertive\" value=\"wpforms-submit\">Enviar<\/button><\/div><\/form><\/div>  <!-- .wpforms-container -->\n","protected":false},"excerpt":{"rendered":"<p>Zapotec Language Dictionary is a Verb conjugation book published in 2015 and consists of verbal conjugations in different tenses and aspects.<\/p>","protected":false},"featured_media":747,"comment_status":"open","ping_status":"closed","template":"","meta":{"give_campaign_id":0,"om_disable_all_campaigns":false,"neve_meta_sidebar":"","neve_meta_container":"","neve_meta_enable_content_width":"off","neve_meta_content_width":100,"neve_meta_title_alignment":"","neve_meta_author_avatar":"","neve_post_elements_order":"","neve_meta_disable_header":"","neve_meta_disable_footer":"","neve_meta_disable_title":"","_themeisle_gutenberg_block_has_review":false,"jetpack_publicize_message":"","jetpack_publicize_feature_enabled":true,"jetpack_social_post_already_shared":true,"jetpack_social_options":{"image_generator_settings":{"template":"highway","default_image_id":0,"font":"","enabled":false},"version":2}},"product_brand":[],"product_cat":[88,89,118,91,123,90],"product_tag":[128,101,102,119,93,124,130,129,94,92,100,95],"class_list":{"0":"post-7755","1":"product","2":"type-product","3":"status-publish","4":"has-post-thumbnail","6":"product_cat-idiomas","7":"product_cat-lenguas-indigenas","8":"product_cat-lenguas-originarias","9":"product_cat-zapotec","10":"product_cat-zapotec-classes","11":"product_cat-zapoteco","12":"product_tag-idigenous","13":"product_tag-indigenas","14":"product_tag-lenguas-indigenas","15":"product_tag-lenguas-originarias","16":"product_tag-zapotec","17":"product_tag-zapotec-classes","18":"product_tag-zapotec-dictionary","19":"product_tag-zapotec-language-dictionary","20":"product_tag-zapoteca","21":"product_tag-zapoteco","22":"product_tag-zapoteco-de-oaxaca","23":"product_tag-zapotecos","24":"post","26":"first","27":"instock","28":"sale","29":"taxable","30":"shipping-taxable","31":"purchasable","32":"product-type-simple"},"aioseo_notices":[],"jetpack_publicize_connections":[],"jetpack-related-posts":[{"id":7484,"url":"https:\/\/zapotecoxidza.com\/en\/product\/zapotec-language-translator\/","url_meta":{"origin":7755,"position":0},"title":"Zapotec language translator in Oaxaca","author":"B\u00ebni Xidza","date":"17\/04\/2024","format":false,"excerpt":"Zapotec language translator","rel":"","context":"Similar post","block_context":{"text":"Similar post","link":""},"img":{"alt_text":"Zapotec language translator","src":"https:\/\/i0.wp.com\/zapotecoxidza.com\/wp-content\/uploads\/2024\/04\/Zapotec-language-translator.png?fit=1080%2C1080&ssl=1&resize=350%2C200","width":350,"height":200,"srcset":"https:\/\/i0.wp.com\/zapotecoxidza.com\/wp-content\/uploads\/2024\/04\/Zapotec-language-translator.png?fit=1080%2C1080&ssl=1&resize=350%2C200 1x, https:\/\/i0.wp.com\/zapotecoxidza.com\/wp-content\/uploads\/2024\/04\/Zapotec-language-translator.png?fit=1080%2C1080&ssl=1&resize=525%2C300 1.5x, https:\/\/i0.wp.com\/zapotecoxidza.com\/wp-content\/uploads\/2024\/04\/Zapotec-language-translator.png?fit=1080%2C1080&ssl=1&resize=700%2C400 2x, https:\/\/i0.wp.com\/zapotecoxidza.com\/wp-content\/uploads\/2024\/04\/Zapotec-language-translator.png?fit=1080%2C1080&ssl=1&resize=1050%2C600 3x"},"classes":[]},{"id":3256,"url":"https:\/\/zapotecoxidza.com\/en\/product\/diccionario-zapoteco\/","url_meta":{"origin":7755,"position":1},"title":"Diccionario Zapoteco: conjugaci\u00f3n de verbos.","author":"B\u00ebni Xidza","date":"01\/06\/2023","format":false,"excerpt":"El Diccionario Zapoteco es un libro de conjugaci\u00f3n de Verbos en lengua Zapoteca. Fue publicado en el 2015 por Pablo Merne SVD y Raymundo Cruz Miguel.","rel":"","context":"Similar post","block_context":{"text":"Similar post","link":""},"img":{"alt_text":"Diccionario Zapoteco","src":"https:\/\/i0.wp.com\/zapotecoxidza.com\/wp-content\/uploads\/2021\/07\/ORACIO%CC%81N-1-1.png?fit=1080%2C1080&ssl=1&resize=350%2C200","width":350,"height":200,"srcset":"https:\/\/i0.wp.com\/zapotecoxidza.com\/wp-content\/uploads\/2021\/07\/ORACIO%CC%81N-1-1.png?fit=1080%2C1080&ssl=1&resize=350%2C200 1x, https:\/\/i0.wp.com\/zapotecoxidza.com\/wp-content\/uploads\/2021\/07\/ORACIO%CC%81N-1-1.png?fit=1080%2C1080&ssl=1&resize=525%2C300 1.5x, https:\/\/i0.wp.com\/zapotecoxidza.com\/wp-content\/uploads\/2021\/07\/ORACIO%CC%81N-1-1.png?fit=1080%2C1080&ssl=1&resize=700%2C400 2x, https:\/\/i0.wp.com\/zapotecoxidza.com\/wp-content\/uploads\/2021\/07\/ORACIO%CC%81N-1-1.png?fit=1080%2C1080&ssl=1&resize=1050%2C600 3x"},"classes":[]},{"id":3249,"url":"https:\/\/zapotecoxidza.com\/en\/product\/curso-de-zapoteco-en-linea\/","url_meta":{"origin":7755,"position":2},"title":"Curso de Zapoteco en l\u00ednea para principiantes","author":"B\u00ebni Xidza","date":"01\/06\/2023","format":false,"excerpt":"Curso de Zapoteco en l\u00ednea con maestro nativo y profesional de la ense\u00f1anza de idiomas. Practicamos conversaci\u00f3n, lectura, habla, escucha y escritura.","rel":"","context":"Similar post","block_context":{"text":"Similar post","link":""},"img":{"alt_text":"Curso de Zapoteco 2026-A","src":"https:\/\/i0.wp.com\/zapotecoxidza.com\/wp-content\/uploads\/2023\/06\/Curso-Basico-de-Zapoteco-2026-A-1.jpeg?fit=894%2C1200&ssl=1&resize=350%2C200","width":350,"height":200,"srcset":"https:\/\/i0.wp.com\/zapotecoxidza.com\/wp-content\/uploads\/2023\/06\/Curso-Basico-de-Zapoteco-2026-A-1.jpeg?fit=894%2C1200&ssl=1&resize=350%2C200 1x, https:\/\/i0.wp.com\/zapotecoxidza.com\/wp-content\/uploads\/2023\/06\/Curso-Basico-de-Zapoteco-2026-A-1.jpeg?fit=894%2C1200&ssl=1&resize=525%2C300 1.5x, https:\/\/i0.wp.com\/zapotecoxidza.com\/wp-content\/uploads\/2023\/06\/Curso-Basico-de-Zapoteco-2026-A-1.jpeg?fit=894%2C1200&ssl=1&resize=700%2C400 2x"},"classes":[]}],"jetpack_sharing_enabled":true,"jetpack_likes_enabled":true,"amp_enabled":true,"_links":{"self":[{"href":"https:\/\/zapotecoxidza.com\/en\/wp-json\/wp\/v2\/product\/7755","targetHints":{"allow":["GET"]}}],"collection":[{"href":"https:\/\/zapotecoxidza.com\/en\/wp-json\/wp\/v2\/product"}],"about":[{"href":"https:\/\/zapotecoxidza.com\/en\/wp-json\/wp\/v2\/types\/product"}],"replies":[{"embeddable":true,"href":"https:\/\/zapotecoxidza.com\/en\/wp-json\/wp\/v2\/comments?post=7755"}],"wp:featuredmedia":[{"embeddable":true,"href":"https:\/\/zapotecoxidza.com\/en\/wp-json\/wp\/v2\/media\/747"}],"wp:attachment":[{"href":"https:\/\/zapotecoxidza.com\/en\/wp-json\/wp\/v2\/media?parent=7755"}],"wp:term":[{"taxonomy":"product_brand","embeddable":true,"href":"https:\/\/zapotecoxidza.com\/en\/wp-json\/wp\/v2\/product_brand?post=7755"},{"taxonomy":"product_cat","embeddable":true,"href":"https:\/\/zapotecoxidza.com\/en\/wp-json\/wp\/v2\/product_cat?post=7755"},{"taxonomy":"product_tag","embeddable":true,"href":"https:\/\/zapotecoxidza.com\/en\/wp-json\/wp\/v2\/product_tag?post=7755"}],"curies":[{"name":"wp","href":"https:\/\/api.w.org\/{rel}","templated":true}]}}